{"id":25234,"date":"2024-01-30T17:46:06","date_gmt":"2024-01-30T16:46:06","guid":{"rendered":"https:\/\/digitourism.ch\/?page_id=25234"},"modified":"2025-09-05T10:31:55","modified_gmt":"2025-09-05T08:31:55","slug":"digitourism-treffen","status":"publish","type":"page","link":"https:\/\/digitourism.ch\/de\/digitourism-treffen\/","title":{"rendered":"Digitourism-Treffen"},"content":{"rendered":"\t\t<div data-elementor-type=\"wp-page\" data-elementor-id=\"25234\" class=\"elementor elementor-25234 elementor-24931\" data-elementor-post-type=\"page\">\n\t\t\t\t\t\t<section class=\"elementor-section elementor-top-section elementor-element elementor-element-b6f6b4b elementor-section-boxed elementor-section-height-default elementor-section-height-default\" data-id=\"b6f6b4b\" data-element_type=\"section\" data-e-type=\"section\">\n\t\t\t\t\t\t<div class=\"elementor-container elementor-column-gap-default\">\n\t\t\t\t\t<div class=\"elementor-column elementor-col-100 elementor-top-column elementor-element elementor-element-e9b4e9c\" data-id=\"e9b4e9c\" data-element_type=\"column\" data-e-type=\"column\">\n\t\t\t<div class=\"elementor-widget-wrap elementor-element-populated\">\n\t\t\t\t\t\t<div class=\"elementor-element elementor-element-c8b91ac elementor-widget elementor-widget-text-editor\" data-id=\"c8b91ac\" data-element_type=\"widget\" data-e-type=\"widget\" data-widget_type=\"text-editor.default\">\n\t\t\t\t<div class=\"elementor-widget-container\">\n\t\t\t\t\t\t\t\t\t<p>Die Digitourism-Treffen sind regelm\u00e4ssige Veranstaltungen, bei denen sich Walliser Tourismusunternehmer zu einem Thema der Digitalisierung treffen k\u00f6nnen. Es handelt sich um Erfahrungsberichte und den Austausch zwischen einem Tourismusunternehmen, das eine digitale L\u00f6sung eingef\u00fchrt hat, und dem Herausgeber derselben L\u00f6sung, der von Digitourism unterst\u00fctzt wird. Eine gute M\u00f6glichkeit, sich inspirieren zu lassen!<\/p>\t\t\t\t\t\t\t\t<\/div>\n\t\t\t\t<\/div>\n\t\t\t\t\t<\/div>\n\t\t<\/div>\n\t\t\t\t\t<\/div>\n\t\t<\/section>\n\t\t\t\t<section class=\"elementor-section elementor-top-section elementor-element elementor-element-6fdfc98 elementor-section-boxed elementor-section-height-default elementor-section-height-default\" data-id=\"6fdfc98\" data-element_type=\"section\" data-e-type=\"section\">\n\t\t\t\t\t\t<div class=\"elementor-container elementor-column-gap-default\">\n\t\t\t\t\t<div class=\"elementor-column elementor-col-100 elementor-top-column elementor-element elementor-element-75fc712\" data-id=\"75fc712\" data-element_type=\"column\" data-e-type=\"column\">\n\t\t\t<div class=\"elementor-widget-wrap elementor-element-populated\">\n\t\t\t\t\t\t<div class=\"elementor-element elementor-element-1e9ce29 elementor-widget elementor-widget-text-editor\" data-id=\"1e9ce29\" data-element_type=\"widget\" data-e-type=\"widget\" data-widget_type=\"text-editor.default\">\n\t\t\t\t<div class=\"elementor-widget-container\">\n\t\t\t\t\t\t\t\t\t<p><strong>Einige n\u00fctzliche Informationen:<\/strong><\/p><ul><li>Die Treffen finden unter der Woche am sp\u00e4ten Nachmittag statt und werden von einem Networking-Aperitif gefolgt.<\/li><li>Sie werden in der Regel innerhalb eines Tourismusunternehmens in einer Walliser Destination organisiert.<\/li><li>Richtet sich an alle Tourismusunternehmen, die ein Interesse an der\/den hervorgehobenen L\u00f6sung(en) haben, sowie an die Akteure des Walliser Tourismus.<\/li><li>Kostenlose Veranstaltungen, aber mit Anmeldung<\/li><\/ul>\t\t\t\t\t\t\t\t<\/div>\n\t\t\t\t<\/div>\n\t\t\t\t\t<\/div>\n\t\t<\/div>\n\t\t\t\t\t<\/div>\n\t\t<\/section>\n\t\t\t\t<section class=\"elementor-section elementor-top-section elementor-element elementor-element-a9c0cdc elementor-section-boxed elementor-section-height-default elementor-section-height-default\" data-id=\"a9c0cdc\" data-element_type=\"section\" data-e-type=\"section\">\n\t\t\t\t\t\t<div class=\"elementor-container elementor-column-gap-default\">\n\t\t\t\t\t<div class=\"elementor-column elementor-col-100 elementor-top-column elementor-element elementor-element-38b4120\" data-id=\"38b4120\" data-element_type=\"column\" data-e-type=\"column\">\n\t\t\t<div class=\"elementor-widget-wrap elementor-element-populated\">\n\t\t\t\t\t\t<div class=\"elementor-element elementor-element-219ec56 elementor-widget elementor-widget-heading\" data-id=\"219ec56\" data-element_type=\"widget\" data-e-type=\"widget\" data-widget_type=\"heading.default\">\n\t\t\t\t<div class=\"elementor-widget-container\">\n\t\t\t\t\t<h2 class=\"elementor-heading-title elementor-size-default\">Die bisherigen Treffen<\/h2>\t\t\t\t<\/div>\n\t\t\t\t<\/div>\n\t\t\t\t<div class=\"elementor-element elementor-element-745aec6 elementor-widget elementor-widget-spacer\" data-id=\"745aec6\" data-element_type=\"widget\" data-e-type=\"widget\" data-widget_type=\"spacer.default\">\n\t\t\t\t<div class=\"elementor-widget-container\">\n\t\t\t\t\t\t\t<div class=\"elementor-spacer\">\n\t\t\t<div class=\"elementor-spacer-inner\"><\/div>\n\t\t<\/div>\n\t\t\t\t\t\t<\/div>\n\t\t\t\t<\/div>\n\t\t\t\t<div class=\"elementor-element elementor-element-ebe4ef5 elementor--h-position-center elementor--v-position-middle elementor-arrows-position-inside elementor-pagination-position-inside elementor-widget elementor-widget-slides\" data-id=\"ebe4ef5\" data-element_type=\"widget\" data-e-type=\"widget\" data-settings=\"{&quot;navigation&quot;:&quot;both&quot;,&quot;autoplay&quot;:&quot;yes&quot;,&quot;pause_on_hover&quot;:&quot;yes&quot;,&quot;pause_on_interaction&quot;:&quot;yes&quot;,&quot;autoplay_speed&quot;:5000,&quot;infinite&quot;:&quot;yes&quot;,&quot;transition&quot;:&quot;slide&quot;,&quot;transition_speed&quot;:500}\" data-widget_type=\"slides.default\">\n\t\t\t\t<div class=\"elementor-widget-container\">\n\t\t\t\t\t\t\t\t\t<div class=\"elementor-swiper\">\n\t\t\t\t\t<div class=\"elementor-slides-wrapper elementor-main-swiper swiper\" role=\"region\" aria-roledescription=\"carousel\" aria-label=\"Slider\" dir=\"ltr\" data-animation=\"fadeInUp\">\n\t\t\t\t<div class=\"swiper-wrapper elementor-slides\">\n\t\t\t\t\t\t\t\t\t\t<div class=\"elementor-repeater-item-f504686 swiper-slide\" role=\"group\" aria-roledescription=\"slide\"><div class=\"swiper-slide-bg\" role=\"img\" aria-label=\"image\"><\/div><a class=\"swiper-slide-inner\" href=\"https:\/\/digitourism.ch\/de\/digitourism-treffen-speaking-gen-z-was-funktioniert-bei-der-generation-von-morgen\/\"><div class=\"swiper-slide-contents\"><div class=\"elementor-slide-heading\">Die Treffen - ohooo<\/div><div class=\"elementor-slide-description\">Digitourism-Treffen: Speaking Gen Z \u2013 Was funktioniert bei der Generation von morgen?<\/div><div  class=\"elementor-button elementor-slide-button elementor-size-sm\">Hier klicken<\/div><\/div><\/a><\/div><div class=\"elementor-repeater-item-2482c47 swiper-slide\" role=\"group\" aria-roledescription=\"slide\"><div class=\"swiper-slide-bg\" role=\"img\" aria-label=\"Image seule\"><\/div><a class=\"swiper-slide-inner\" href=\"https:\/\/digitourism.ch\/de\/digitourism-treffen-entdecken-sie-die-digitale-loesung-roompricegenie\/\"><div class=\"swiper-slide-contents\"><div class=\"elementor-slide-heading\">Die Treffen - RoomPriceGenie<\/div><div class=\"elementor-slide-description\">Entdecken Sie RoomPriceGenie, das Tool, das Unterk\u00fcnften und der Preisoptimierung ihrer \u00dcbernachtungen gewidmet ist.<\/div><div  class=\"elementor-button elementor-slide-button elementor-size-sm\">Hier klicken<\/div><\/div><\/a><\/div><div class=\"elementor-repeater-item-8c5b70b swiper-slide\" role=\"group\" aria-roledescription=\"slide\"><div class=\"swiper-slide-bg\" role=\"img\" aria-label=\"image remont\u00e9es m\u00e9caniques\"><\/div><a class=\"swiper-slide-inner\" href=\"https:\/\/digitourism.ch\/de\/digitourism-treffen-gypaete-data-engine\/\"><div class=\"swiper-slide-contents\"><div class=\"elementor-slide-heading\">Die Treffen - Gypa\u00e8te Data Engine<\/div><div class=\"elementor-slide-description\"><p>Entdecken Sie Gypa\u00e8te Data Engine, das spezielle Tool f\u00fcr Bergbahnen. <\/p>\n<\/div><div  class=\"elementor-button elementor-slide-button elementor-size-sm\">Hier klicken<\/div><\/div><\/a><\/div>\t\t\t\t<\/div>\n\t\t\t\t\t\t\t\t\t\t\t\t\t\t\t<div class=\"elementor-swiper-button elementor-swiper-button-prev\" role=\"button\" tabindex=\"0\" aria-label=\"Vorheriger Slide\">\n\t\t\t\t\t\t\t<svg aria-hidden=\"true\" class=\"e-font-icon-svg e-eicon-chevron-left\" viewBox=\"0 0 1000 1000\" xmlns=\"http:\/\/www.w3.org\/2000\/svg\"><path d=\"M646 125C629 125 613 133 604 142L308 442C296 454 292 471 292 487 292 504 296 521 308 533L604 854C617 867 629 875 646 875 663 875 679 871 692 858 704 846 713 829 713 812 713 796 708 779 692 767L438 487 692 225C700 217 708 204 708 187 708 171 704 154 692 142 675 129 663 125 646 125Z\"><\/path><\/svg>\t\t\t\t\t\t<\/div>\n\t\t\t\t\t\t<div class=\"elementor-swiper-button elementor-swiper-button-next\" role=\"button\" tabindex=\"0\" aria-label=\"N\u00e4chster Slide\">\n\t\t\t\t\t\t\t<svg aria-hidden=\"true\" class=\"e-font-icon-svg e-eicon-chevron-right\" viewBox=\"0 0 1000 1000\" xmlns=\"http:\/\/www.w3.org\/2000\/svg\"><path d=\"M696 533C708 521 713 504 713 487 713 471 708 454 696 446L400 146C388 133 375 125 354 125 338 125 325 129 313 142 300 154 292 171 292 187 292 204 296 221 308 233L563 492 304 771C292 783 288 800 288 817 288 833 296 850 308 863 321 871 338 875 354 875 371 875 388 867 400 854L696 533Z\"><\/path><\/svg>\t\t\t\t\t\t<\/div>\n\t\t\t\t\t\t\t\t\t\t\t\t\t\t\t\t<div class=\"swiper-pagination\"><\/div>\n\t\t\t\t\t\t\t\t\t\t\t\t<\/div>\n\t\t\t\t<\/div>\n\t\t\t\t\t\t\t\t<\/div>\n\t\t\t\t<\/div>\n\t\t\t\t\t<\/div>\n\t\t<\/div>\n\t\t\t\t\t<\/div>\n\t\t<\/section>\n\t\t\t\t<section class=\"elementor-section elementor-top-section elementor-element elementor-element-3c8adec elementor-section-boxed elementor-section-height-default elementor-section-height-default\" data-id=\"3c8adec\" data-element_type=\"section\" data-e-type=\"section\">\n\t\t\t\t\t\t<div class=\"elementor-container elementor-column-gap-default\">\n\t\t\t\t\t<div class=\"elementor-column elementor-col-100 elementor-top-column elementor-element elementor-element-8a43259\" data-id=\"8a43259\" data-element_type=\"column\" data-e-type=\"column\">\n\t\t\t<div class=\"elementor-widget-wrap elementor-element-populated\">\n\t\t\t\t\t\t\t<\/div>\n\t\t<\/div>\n\t\t\t\t\t<\/div>\n\t\t<\/section>\n\t\t\t\t<\/div>\n\t\t","protected":false},"excerpt":{"rendered":"<p>Die Digitourism-Treffen sind regelm\u00e4ssige Veranstaltungen, bei denen sich Walliser Tourismusunternehmer zu einem Thema der Digitalisierung treffen k\u00f6nnen. Es handelt sich um Erfahrungsberichte und den Austausch zwischen einem Tourismusunternehmen, das eine digitale L\u00f6sung eingef\u00fchrt hat, und dem Herausgeber derselben L\u00f6sung, der von Digitourism unterst\u00fctzt wird. Eine gute M\u00f6glichkeit, sich inspirieren zu lassen! Einige n\u00fctzliche Informationen: Die [&hellip;]<\/p>\n","protected":false},"author":17,"featured_media":24937,"parent":0,"menu_order":0,"comment_status":"closed","ping_status":"closed","template":"","meta":{"_acf_changed":false,"footnotes":""},"class_list":["post-25234","page","type-page","status-publish","has-post-thumbnail","hentry"],"acf":[],"yoast_head":"<!-- This site is optimized with the Yoast SEO plugin v27.5 - https:\/\/yoast.com\/product\/yoast-seo-wordpress\/ -->\n<title>Digitourism-Treffen &#8211; Digitourism<\/title>\n<meta name=\"description\" content=\"Die Digitourism-Treffen sind regelm\u00e4ssige Veranstaltungen, bei denen sich Walliser Tourismusunternehmer zu einem Thema der Digitalisierung treffen k\u00f6nnen.\" \/>\n<meta name=\"robots\" content=\"index, follow, max-snippet:-1, max-image-preview:large, max-video-preview:-1\" \/>\n<link rel=\"canonical\" href=\"https:\/\/digitourism.ch\/de\/digitourism-treffen\/\" \/>\n<meta property=\"og:locale\" content=\"de_DE\" \/>\n<meta property=\"og:type\" content=\"article\" \/>\n<meta property=\"og:title\" content=\"Digitourism-Treffen &#8211; Digitourism\" \/>\n<meta property=\"og:description\" content=\"Die Digitourism-Treffen sind regelm\u00e4ssige Veranstaltungen, bei denen sich Walliser Tourismusunternehmer zu einem Thema der Digitalisierung treffen k\u00f6nnen.\" \/>\n<meta property=\"og:url\" content=\"https:\/\/digitourism.ch\/de\/digitourism-treffen\/\" \/>\n<meta property=\"og:site_name\" content=\"Digitourism\" \/>\n<meta property=\"article:modified_time\" content=\"2025-09-05T08:31:55+00:00\" \/>\n<meta property=\"og:image\" content=\"https:\/\/digitourism.ch\/wp-content\/uploads\/2024\/01\/DSC02066-scaled.jpg\" \/>\n\t<meta property=\"og:image:width\" content=\"2560\" \/>\n\t<meta property=\"og:image:height\" content=\"1707\" \/>\n\t<meta property=\"og:image:type\" content=\"image\/jpeg\" \/>\n<meta name=\"twitter:card\" content=\"summary_large_image\" \/>\n<meta name=\"twitter:label1\" content=\"Gesch\u00e4tzte Lesezeit\" \/>\n\t<meta name=\"twitter:data1\" content=\"2\u00a0Minuten\" \/>\n<script type=\"application\/ld+json\" class=\"yoast-schema-graph\">{\"@context\":\"https:\\\/\\\/schema.org\",\"@graph\":[{\"@type\":\"WebPage\",\"@id\":\"https:\\\/\\\/digitourism.ch\\\/de\\\/digitourism-treffen\\\/\",\"url\":\"https:\\\/\\\/digitourism.ch\\\/de\\\/digitourism-treffen\\\/\",\"name\":\"Digitourism-Treffen &#8211; Digitourism\",\"isPartOf\":{\"@id\":\"https:\\\/\\\/digitourism.ch\\\/de\\\/#website\"},\"primaryImageOfPage\":{\"@id\":\"https:\\\/\\\/digitourism.ch\\\/de\\\/digitourism-treffen\\\/#primaryimage\"},\"image\":{\"@id\":\"https:\\\/\\\/digitourism.ch\\\/de\\\/digitourism-treffen\\\/#primaryimage\"},\"thumbnailUrl\":\"https:\\\/\\\/digitourism.ch\\\/wp-content\\\/uploads\\\/2024\\\/01\\\/DSC02066-scaled.jpg\",\"datePublished\":\"2024-01-30T16:46:06+00:00\",\"dateModified\":\"2025-09-05T08:31:55+00:00\",\"description\":\"Die Digitourism-Treffen sind regelm\u00e4ssige Veranstaltungen, bei denen sich Walliser Tourismusunternehmer zu einem Thema der Digitalisierung treffen k\u00f6nnen.\",\"breadcrumb\":{\"@id\":\"https:\\\/\\\/digitourism.ch\\\/de\\\/digitourism-treffen\\\/#breadcrumb\"},\"inLanguage\":\"de\",\"potentialAction\":[{\"@type\":\"ReadAction\",\"target\":[\"https:\\\/\\\/digitourism.ch\\\/de\\\/digitourism-treffen\\\/\"]}]},{\"@type\":\"ImageObject\",\"inLanguage\":\"de\",\"@id\":\"https:\\\/\\\/digitourism.ch\\\/de\\\/digitourism-treffen\\\/#primaryimage\",\"url\":\"https:\\\/\\\/digitourism.ch\\\/wp-content\\\/uploads\\\/2024\\\/01\\\/DSC02066-scaled.jpg\",\"contentUrl\":\"https:\\\/\\\/digitourism.ch\\\/wp-content\\\/uploads\\\/2024\\\/01\\\/DSC02066-scaled.jpg\",\"width\":2560,\"height\":1707},{\"@type\":\"BreadcrumbList\",\"@id\":\"https:\\\/\\\/digitourism.ch\\\/de\\\/digitourism-treffen\\\/#breadcrumb\",\"itemListElement\":[{\"@type\":\"ListItem\",\"position\":1,\"name\":\"Home\",\"item\":\"https:\\\/\\\/digitourism.ch\\\/de\\\/\"},{\"@type\":\"ListItem\",\"position\":2,\"name\":\"Digitourism-Treffen\"}]},{\"@type\":\"WebSite\",\"@id\":\"https:\\\/\\\/digitourism.ch\\\/de\\\/#website\",\"url\":\"https:\\\/\\\/digitourism.ch\\\/de\\\/\",\"name\":\"Digitourism\",\"description\":\"Die Digitalisierung im Dienste des Walliser Tourismus\",\"publisher\":{\"@id\":\"https:\\\/\\\/digitourism.ch\\\/de\\\/#organization\"},\"potentialAction\":[{\"@type\":\"SearchAction\",\"target\":{\"@type\":\"EntryPoint\",\"urlTemplate\":\"https:\\\/\\\/digitourism.ch\\\/de\\\/?s={search_term_string}\"},\"query-input\":{\"@type\":\"PropertyValueSpecification\",\"valueRequired\":true,\"valueName\":\"search_term_string\"}}],\"inLanguage\":\"de\"},{\"@type\":\"Organization\",\"@id\":\"https:\\\/\\\/digitourism.ch\\\/de\\\/#organization\",\"name\":\"Digitourism\",\"url\":\"https:\\\/\\\/digitourism.ch\\\/de\\\/\",\"logo\":{\"@type\":\"ImageObject\",\"inLanguage\":\"de\",\"@id\":\"https:\\\/\\\/digitourism.ch\\\/de\\\/#\\\/schema\\\/logo\\\/image\\\/\",\"url\":\"\",\"contentUrl\":\"\",\"caption\":\"Digitourism\"},\"image\":{\"@id\":\"https:\\\/\\\/digitourism.ch\\\/de\\\/#\\\/schema\\\/logo\\\/image\\\/\"}}]}<\/script>\n<!-- \/ Yoast SEO plugin. -->","yoast_head_json":{"title":"Digitourism-Treffen &#8211; Digitourism","description":"Die Digitourism-Treffen sind regelm\u00e4ssige Veranstaltungen, bei denen sich Walliser Tourismusunternehmer zu einem Thema der Digitalisierung treffen k\u00f6nnen.","robots":{"index":"index","follow":"follow","max-snippet":"max-snippet:-1","max-image-preview":"max-image-preview:large","max-video-preview":"max-video-preview:-1"},"canonical":"https:\/\/digitourism.ch\/de\/digitourism-treffen\/","og_locale":"de_DE","og_type":"article","og_title":"Digitourism-Treffen &#8211; Digitourism","og_description":"Die Digitourism-Treffen sind regelm\u00e4ssige Veranstaltungen, bei denen sich Walliser Tourismusunternehmer zu einem Thema der Digitalisierung treffen k\u00f6nnen.","og_url":"https:\/\/digitourism.ch\/de\/digitourism-treffen\/","og_site_name":"Digitourism","article_modified_time":"2025-09-05T08:31:55+00:00","og_image":[{"width":2560,"height":1707,"url":"https:\/\/digitourism.ch\/wp-content\/uploads\/2024\/01\/DSC02066-scaled.jpg","type":"image\/jpeg"}],"twitter_card":"summary_large_image","twitter_misc":{"Gesch\u00e4tzte Lesezeit":"2\u00a0Minuten"},"schema":{"@context":"https:\/\/schema.org","@graph":[{"@type":"WebPage","@id":"https:\/\/digitourism.ch\/de\/digitourism-treffen\/","url":"https:\/\/digitourism.ch\/de\/digitourism-treffen\/","name":"Digitourism-Treffen &#8211; Digitourism","isPartOf":{"@id":"https:\/\/digitourism.ch\/de\/#website"},"primaryImageOfPage":{"@id":"https:\/\/digitourism.ch\/de\/digitourism-treffen\/#primaryimage"},"image":{"@id":"https:\/\/digitourism.ch\/de\/digitourism-treffen\/#primaryimage"},"thumbnailUrl":"https:\/\/digitourism.ch\/wp-content\/uploads\/2024\/01\/DSC02066-scaled.jpg","datePublished":"2024-01-30T16:46:06+00:00","dateModified":"2025-09-05T08:31:55+00:00","description":"Die Digitourism-Treffen sind regelm\u00e4ssige Veranstaltungen, bei denen sich Walliser Tourismusunternehmer zu einem Thema der Digitalisierung treffen k\u00f6nnen.","breadcrumb":{"@id":"https:\/\/digitourism.ch\/de\/digitourism-treffen\/#breadcrumb"},"inLanguage":"de","potentialAction":[{"@type":"ReadAction","target":["https:\/\/digitourism.ch\/de\/digitourism-treffen\/"]}]},{"@type":"ImageObject","inLanguage":"de","@id":"https:\/\/digitourism.ch\/de\/digitourism-treffen\/#primaryimage","url":"https:\/\/digitourism.ch\/wp-content\/uploads\/2024\/01\/DSC02066-scaled.jpg","contentUrl":"https:\/\/digitourism.ch\/wp-content\/uploads\/2024\/01\/DSC02066-scaled.jpg","width":2560,"height":1707},{"@type":"BreadcrumbList","@id":"https:\/\/digitourism.ch\/de\/digitourism-treffen\/#breadcrumb","itemListElement":[{"@type":"ListItem","position":1,"name":"Home","item":"https:\/\/digitourism.ch\/de\/"},{"@type":"ListItem","position":2,"name":"Digitourism-Treffen"}]},{"@type":"WebSite","@id":"https:\/\/digitourism.ch\/de\/#website","url":"https:\/\/digitourism.ch\/de\/","name":"Digitourism","description":"Die Digitalisierung im Dienste des Walliser Tourismus","publisher":{"@id":"https:\/\/digitourism.ch\/de\/#organization"},"potentialAction":[{"@type":"SearchAction","target":{"@type":"EntryPoint","urlTemplate":"https:\/\/digitourism.ch\/de\/?s={search_term_string}"},"query-input":{"@type":"PropertyValueSpecification","valueRequired":true,"valueName":"search_term_string"}}],"inLanguage":"de"},{"@type":"Organization","@id":"https:\/\/digitourism.ch\/de\/#organization","name":"Digitourism","url":"https:\/\/digitourism.ch\/de\/","logo":{"@type":"ImageObject","inLanguage":"de","@id":"https:\/\/digitourism.ch\/de\/#\/schema\/logo\/image\/","url":"","contentUrl":"","caption":"Digitourism"},"image":{"@id":"https:\/\/digitourism.ch\/de\/#\/schema\/logo\/image\/"}}]}},"_links":{"self":[{"href":"https:\/\/digitourism.ch\/de\/wp-json\/wp\/v2\/pages\/25234","targetHints":{"allow":["GET"]}}],"collection":[{"href":"https:\/\/digitourism.ch\/de\/wp-json\/wp\/v2\/pages"}],"about":[{"href":"https:\/\/digitourism.ch\/de\/wp-json\/wp\/v2\/types\/page"}],"author":[{"embeddable":true,"href":"https:\/\/digitourism.ch\/de\/wp-json\/wp\/v2\/users\/17"}],"replies":[{"embeddable":true,"href":"https:\/\/digitourism.ch\/de\/wp-json\/wp\/v2\/comments?post=25234"}],"version-history":[{"count":26,"href":"https:\/\/digitourism.ch\/de\/wp-json\/wp\/v2\/pages\/25234\/revisions"}],"predecessor-version":[{"id":29611,"href":"https:\/\/digitourism.ch\/de\/wp-json\/wp\/v2\/pages\/25234\/revisions\/29611"}],"wp:featuredmedia":[{"embeddable":true,"href":"https:\/\/digitourism.ch\/de\/wp-json\/wp\/v2\/media\/24937"}],"wp:attachment":[{"href":"https:\/\/digitourism.ch\/de\/wp-json\/wp\/v2\/media?parent=25234"}],"curies":[{"name":"wp","href":"https:\/\/api.w.org\/{rel}","templated":true}]}}