{"id":28875,"date":"2025-05-26T14:49:56","date_gmt":"2025-05-26T12:49:56","guid":{"rendered":"https:\/\/digitourism.ch\/?page_id=28875"},"modified":"2025-05-26T15:52:28","modified_gmt":"2025-05-26T13:52:28","slug":"studie-digitourism-2025","status":"publish","type":"page","link":"https:\/\/digitourism.ch\/de\/studie-digitourism-2025\/","title":{"rendered":"Studie Digitourism 2025"},"content":{"rendered":"\t\t<div data-elementor-type=\"wp-page\" data-elementor-id=\"28875\" class=\"elementor elementor-28875 elementor-28754\" data-elementor-post-type=\"page\">\n\t\t\t\t<div class=\"elementor-element elementor-element-dfeff5a e-ecs-flex e-flex e-con-boxed e-con e-parent\" data-id=\"dfeff5a\" data-element_type=\"container\" data-e-type=\"container\" data-settings=\"{&quot;ecs_container_type&quot;:&quot;flex&quot;}\">\n\t\t\t\t\t<div class=\"e-con-inner\">\n\t\t\t\t<div class=\"elementor-element elementor-element-84ddfdb elementor-widget elementor-widget-html\" data-id=\"84ddfdb\" data-element_type=\"widget\" data-e-type=\"widget\" data-widget_type=\"html.default\">\n\t\t\t\t<div class=\"elementor-widget-container\">\n\t\t\t\t\t<script src=\"https:\/\/conversalia-backend-prd.blackbay-f6ad2466.switzerlandnorth.azurecontainerapps.io\/static\/widget.js\"><\/script>\r\n<script>\r\n window.onload = function() {\r\n  ConversaliaWidget.init({\r\n   serviceBaseUrl: \"https:\/\/conversalia-backend-prd.blackbay-f6ad2466.switzerlandnorth.azurecontainerapps.io\",\r\n   token: \"D4FA3294-8EBC-473C-A0C9-D4B38F03121D\"\r\n  });\r\n };\r\n<\/script>\t\t\t\t<\/div>\n\t\t\t\t<\/div>\n\t\t\t\t\t<\/div>\n\t\t\t\t<\/div>\n\t\t<div class=\"elementor-element elementor-element-6b576c9 e-ecs-flex e-flex e-con-boxed e-con e-parent\" data-id=\"6b576c9\" data-element_type=\"container\" data-e-type=\"container\" data-settings=\"{&quot;ecs_container_type&quot;:&quot;flex&quot;}\">\n\t\t\t\t\t<div class=\"e-con-inner\">\n\t\t\t\t<div class=\"elementor-element elementor-element-ac79ee0 elementor-widget elementor-widget-heading\" data-id=\"ac79ee0\" data-element_type=\"widget\" data-e-type=\"widget\" data-widget_type=\"heading.default\">\n\t\t\t\t<div class=\"elementor-widget-container\">\n\t\t\t\t\t<h2 class=\"elementor-heading-title elementor-size-default\">Bestandsaufnahme der von Walliser Tourismusunternehmen eingesetzten digitalen Tools<\/h2>\t\t\t\t<\/div>\n\t\t\t\t<\/div>\n\t\t\t\t<div class=\"elementor-element elementor-element-0d3cab8 elementor-widget elementor-widget-text-editor\" data-id=\"0d3cab8\" data-element_type=\"widget\" data-e-type=\"widget\" data-widget_type=\"text-editor.default\">\n\t\t\t\t<div class=\"elementor-widget-container\">\n\t\t\t\t\t\t\t\t\t<p>Eine Studie, die Digitourism in Zusammenarbeit mit dem <a href=\"https:\/\/www.hevs.ch\/fr\/recherche-appliquee-et-developpement-a-la-hes-so-valais-wallis\/institut-tourisme-valais\/\">Institut f\u00fcr Tourismus der HES-SO Valais-Wallis<\/a> durchgef\u00fchrt hat, befasste sich mit dem Einsatz digitaler Tools in Tourismusunternehmen im Kanton Wallis. Ziel der Studie war es, eine Bestandsaufnahme der in diesen Unternehmen verwendeten digitalen L\u00f6sungen zu erstellen.<\/p><p>Die Studie wurde zwischen Dezember 2024 und M\u00e4rz 2025 durchgef\u00fchrt, um <b>die Nutzung digitaler L\u00f6sungen und den digitalen Reifegrad der Tourismusakteure im Wallis<\/b> zu bewerten. Es handelt sich um die zweite Ausgabe dieser Umfrage, die auf eine erste Studie folgt, die von Juli bis Oktober 2022 durchgef\u00fchrt wurde (<a href=\"https:\/\/digitourism.ch\/wp-content\/uploads\/2023\/07\/Digitourism_EtudeUsageOutilsDigitaux_2023.pdf\">Studienbericht vom M\u00e4rz 2023<\/a>).<\/p><p><strong>Die vollst\u00e4ndige Studie ist unten verf\u00fcgbar, derzeit nur auf Franz\u00f6sisch, Sie k\u00f6nnen aber mit dem Chatbot auf Deutsch interagieren und ihm Ihre Fragen stellen.<\/strong><\/p>\t\t\t\t\t\t\t\t<\/div>\n\t\t\t\t<\/div>\n\t\t\t\t<div class=\"elementor-element elementor-element-874c064 elementor-widget elementor-widget-shortcode\" data-id=\"874c064\" data-element_type=\"widget\" data-e-type=\"widget\" data-widget_type=\"shortcode.default\">\n\t\t\t\t<div class=\"elementor-widget-container\">\n\t\t\t\t\t\t\t<div class=\"elementor-shortcode\"><a href=\"https:\/\/digitourism.ch\/wp-content\/uploads\/2025\/05\/Etude-Digitourism.pdf\" class=\"pdfemb-viewer\" style=\"\" data-width=\"max\" data-height=\"max\" data-toolbar=\"bottom\" data-toolbar-fixed=\"off\">Etude-Digitourism<\/a><\/div>\n\t\t\t\t\t\t<\/div>\n\t\t\t\t<\/div>\n\t\t<div class=\"elementor-element elementor-element-5139f08 e-con-full e-ecs-flex e-flex e-con e-child\" data-id=\"5139f08\" data-element_type=\"container\" data-e-type=\"container\" data-settings=\"{&quot;ecs_container_type&quot;:&quot;flex&quot;}\">\n\t\t\t\t<div class=\"elementor-element elementor-element-32055a9 elementor-align-center elementor-widget elementor-widget-button\" data-id=\"32055a9\" data-element_type=\"widget\" data-e-type=\"widget\" data-widget_type=\"button.default\">\n\t\t\t\t<div class=\"elementor-widget-container\">\n\t\t\t\t\t\t\t\t\t<div class=\"elementor-button-wrapper\">\n\t\t\t\t\t<a class=\"elementor-button elementor-button-link elementor-size-sm elementor-animation-grow\" href=\"https:\/\/digitourism.ch\/wp-content\/uploads\/2025\/05\/Etude-Digitourism.pdf\" target=\"_blank\">\n\t\t\t\t\t\t<span class=\"elementor-button-content-wrapper\">\n\t\t\t\t\t\t\t\t\t<span class=\"elementor-button-text\">Die vollst\u00e4ndige Studie herunterladen<\/span>\n\t\t\t\t\t<\/span>\n\t\t\t\t\t<\/a>\n\t\t\t\t<\/div>\n\t\t\t\t\t\t\t\t<\/div>\n\t\t\t\t<\/div>\n\t\t\t\t<div class=\"elementor-element elementor-element-3babff1 elementor-widget elementor-widget-text-editor\" data-id=\"3babff1\" data-element_type=\"widget\" data-e-type=\"widget\" data-widget_type=\"text-editor.default\">\n\t\t\t\t<div class=\"elementor-widget-container\">\n\t\t\t\t\t\t\t\t\t<p>Insgesamt gingen <b>318 Antworten <\/b>ein (315 im Jahr 2023), davon 107 aus dem Gastronomiebereich und 125 aus dem Hotelbereich.<\/p>\t\t\t\t\t\t\t\t<\/div>\n\t\t\t\t<\/div>\n\t\t\t\t<\/div>\n\t\t\t\t\t<\/div>\n\t\t\t\t<\/div>\n\t\t\t\t<\/div>\n\t\t","protected":false},"excerpt":{"rendered":"<p>Bestandsaufnahme der von Walliser Tourismusunternehmen eingesetzten digitalen Tools Eine Studie, die Digitourism in Zusammenarbeit mit dem Institut f\u00fcr Tourismus der HES-SO Valais-Wallis durchgef\u00fchrt hat, befasste sich mit dem Einsatz digitaler Tools in Tourismusunternehmen im Kanton Wallis. Ziel der Studie war es, eine Bestandsaufnahme der in diesen Unternehmen verwendeten digitalen L\u00f6sungen zu erstellen. Die Studie wurde [&hellip;]<\/p>\n","protected":false},"author":17,"featured_media":0,"parent":0,"menu_order":0,"comment_status":"closed","ping_status":"closed","template":"","meta":{"_acf_changed":false,"footnotes":""},"class_list":["post-28875","page","type-page","status-publish","hentry"],"acf":[],"yoast_head":"<!-- This site is optimized with the Yoast SEO plugin v27.5 - https:\/\/yoast.com\/product\/yoast-seo-wordpress\/ -->\n<title>Studie Digitourism 2025 &#8211; Digitourism<\/title>\n<meta name=\"description\" content=\"Eine Studie von Digitourism in Zusammenarbeit mit dem Institut f\u00fcr Tourismus der HES-SO Valais-Wallis hat sich mit dem Einsatz digitaler Tools in Tourismusunternehmen im Kanton Wallis befasst.\" \/>\n<meta name=\"robots\" content=\"index, follow, max-snippet:-1, max-image-preview:large, max-video-preview:-1\" \/>\n<link rel=\"canonical\" href=\"https:\/\/digitourism.ch\/de\/studie-digitourism-2025\/\" \/>\n<meta property=\"og:locale\" content=\"de_DE\" \/>\n<meta property=\"og:type\" content=\"article\" \/>\n<meta property=\"og:title\" content=\"Studie Digitourism 2025 &#8211; Digitourism\" \/>\n<meta property=\"og:description\" content=\"Eine Studie von Digitourism in Zusammenarbeit mit dem Institut f\u00fcr Tourismus der HES-SO Valais-Wallis hat sich mit dem Einsatz digitaler Tools in Tourismusunternehmen im Kanton Wallis befasst.\" \/>\n<meta property=\"og:url\" content=\"https:\/\/digitourism.ch\/de\/studie-digitourism-2025\/\" \/>\n<meta property=\"og:site_name\" content=\"Digitourism\" \/>\n<meta property=\"article:modified_time\" content=\"2025-05-26T13:52:28+00:00\" \/>\n<meta name=\"twitter:card\" content=\"summary_large_image\" \/>\n<meta name=\"twitter:label1\" content=\"Gesch\u00e4tzte Lesezeit\" \/>\n\t<meta name=\"twitter:data1\" content=\"1\u00a0Minute\" \/>\n<script type=\"application\/ld+json\" class=\"yoast-schema-graph\">{\"@context\":\"https:\\\/\\\/schema.org\",\"@graph\":[{\"@type\":\"WebPage\",\"@id\":\"https:\\\/\\\/digitourism.ch\\\/de\\\/studie-digitourism-2025\\\/\",\"url\":\"https:\\\/\\\/digitourism.ch\\\/de\\\/studie-digitourism-2025\\\/\",\"name\":\"Studie Digitourism 2025 &#8211; Digitourism\",\"isPartOf\":{\"@id\":\"https:\\\/\\\/digitourism.ch\\\/de\\\/#website\"},\"datePublished\":\"2025-05-26T12:49:56+00:00\",\"dateModified\":\"2025-05-26T13:52:28+00:00\",\"description\":\"Eine Studie von Digitourism in Zusammenarbeit mit dem Institut f\u00fcr Tourismus der HES-SO Valais-Wallis hat sich mit dem Einsatz digitaler Tools in Tourismusunternehmen im Kanton Wallis befasst.\",\"breadcrumb\":{\"@id\":\"https:\\\/\\\/digitourism.ch\\\/de\\\/studie-digitourism-2025\\\/#breadcrumb\"},\"inLanguage\":\"de\",\"potentialAction\":[{\"@type\":\"ReadAction\",\"target\":[\"https:\\\/\\\/digitourism.ch\\\/de\\\/studie-digitourism-2025\\\/\"]}]},{\"@type\":\"BreadcrumbList\",\"@id\":\"https:\\\/\\\/digitourism.ch\\\/de\\\/studie-digitourism-2025\\\/#breadcrumb\",\"itemListElement\":[{\"@type\":\"ListItem\",\"position\":1,\"name\":\"Home\",\"item\":\"https:\\\/\\\/digitourism.ch\\\/de\\\/\"},{\"@type\":\"ListItem\",\"position\":2,\"name\":\"Studie Digitourism 2025\"}]},{\"@type\":\"WebSite\",\"@id\":\"https:\\\/\\\/digitourism.ch\\\/de\\\/#website\",\"url\":\"https:\\\/\\\/digitourism.ch\\\/de\\\/\",\"name\":\"Digitourism\",\"description\":\"Die Digitalisierung im Dienste des Walliser Tourismus\",\"publisher\":{\"@id\":\"https:\\\/\\\/digitourism.ch\\\/de\\\/#organization\"},\"potentialAction\":[{\"@type\":\"SearchAction\",\"target\":{\"@type\":\"EntryPoint\",\"urlTemplate\":\"https:\\\/\\\/digitourism.ch\\\/de\\\/?s={search_term_string}\"},\"query-input\":{\"@type\":\"PropertyValueSpecification\",\"valueRequired\":true,\"valueName\":\"search_term_string\"}}],\"inLanguage\":\"de\"},{\"@type\":\"Organization\",\"@id\":\"https:\\\/\\\/digitourism.ch\\\/de\\\/#organization\",\"name\":\"Digitourism\",\"url\":\"https:\\\/\\\/digitourism.ch\\\/de\\\/\",\"logo\":{\"@type\":\"ImageObject\",\"inLanguage\":\"de\",\"@id\":\"https:\\\/\\\/digitourism.ch\\\/de\\\/#\\\/schema\\\/logo\\\/image\\\/\",\"url\":\"\",\"contentUrl\":\"\",\"caption\":\"Digitourism\"},\"image\":{\"@id\":\"https:\\\/\\\/digitourism.ch\\\/de\\\/#\\\/schema\\\/logo\\\/image\\\/\"}}]}<\/script>\n<!-- \/ Yoast SEO plugin. -->","yoast_head_json":{"title":"Studie Digitourism 2025 &#8211; Digitourism","description":"Eine Studie von Digitourism in Zusammenarbeit mit dem Institut f\u00fcr Tourismus der HES-SO Valais-Wallis hat sich mit dem Einsatz digitaler Tools in Tourismusunternehmen im Kanton Wallis befasst.","robots":{"index":"index","follow":"follow","max-snippet":"max-snippet:-1","max-image-preview":"max-image-preview:large","max-video-preview":"max-video-preview:-1"},"canonical":"https:\/\/digitourism.ch\/de\/studie-digitourism-2025\/","og_locale":"de_DE","og_type":"article","og_title":"Studie Digitourism 2025 &#8211; Digitourism","og_description":"Eine Studie von Digitourism in Zusammenarbeit mit dem Institut f\u00fcr Tourismus der HES-SO Valais-Wallis hat sich mit dem Einsatz digitaler Tools in Tourismusunternehmen im Kanton Wallis befasst.","og_url":"https:\/\/digitourism.ch\/de\/studie-digitourism-2025\/","og_site_name":"Digitourism","article_modified_time":"2025-05-26T13:52:28+00:00","twitter_card":"summary_large_image","twitter_misc":{"Gesch\u00e4tzte Lesezeit":"1\u00a0Minute"},"schema":{"@context":"https:\/\/schema.org","@graph":[{"@type":"WebPage","@id":"https:\/\/digitourism.ch\/de\/studie-digitourism-2025\/","url":"https:\/\/digitourism.ch\/de\/studie-digitourism-2025\/","name":"Studie Digitourism 2025 &#8211; Digitourism","isPartOf":{"@id":"https:\/\/digitourism.ch\/de\/#website"},"datePublished":"2025-05-26T12:49:56+00:00","dateModified":"2025-05-26T13:52:28+00:00","description":"Eine Studie von Digitourism in Zusammenarbeit mit dem Institut f\u00fcr Tourismus der HES-SO Valais-Wallis hat sich mit dem Einsatz digitaler Tools in Tourismusunternehmen im Kanton Wallis befasst.","breadcrumb":{"@id":"https:\/\/digitourism.ch\/de\/studie-digitourism-2025\/#breadcrumb"},"inLanguage":"de","potentialAction":[{"@type":"ReadAction","target":["https:\/\/digitourism.ch\/de\/studie-digitourism-2025\/"]}]},{"@type":"BreadcrumbList","@id":"https:\/\/digitourism.ch\/de\/studie-digitourism-2025\/#breadcrumb","itemListElement":[{"@type":"ListItem","position":1,"name":"Home","item":"https:\/\/digitourism.ch\/de\/"},{"@type":"ListItem","position":2,"name":"Studie Digitourism 2025"}]},{"@type":"WebSite","@id":"https:\/\/digitourism.ch\/de\/#website","url":"https:\/\/digitourism.ch\/de\/","name":"Digitourism","description":"Die Digitalisierung im Dienste des Walliser Tourismus","publisher":{"@id":"https:\/\/digitourism.ch\/de\/#organization"},"potentialAction":[{"@type":"SearchAction","target":{"@type":"EntryPoint","urlTemplate":"https:\/\/digitourism.ch\/de\/?s={search_term_string}"},"query-input":{"@type":"PropertyValueSpecification","valueRequired":true,"valueName":"search_term_string"}}],"inLanguage":"de"},{"@type":"Organization","@id":"https:\/\/digitourism.ch\/de\/#organization","name":"Digitourism","url":"https:\/\/digitourism.ch\/de\/","logo":{"@type":"ImageObject","inLanguage":"de","@id":"https:\/\/digitourism.ch\/de\/#\/schema\/logo\/image\/","url":"","contentUrl":"","caption":"Digitourism"},"image":{"@id":"https:\/\/digitourism.ch\/de\/#\/schema\/logo\/image\/"}}]}},"_links":{"self":[{"href":"https:\/\/digitourism.ch\/de\/wp-json\/wp\/v2\/pages\/28875","targetHints":{"allow":["GET"]}}],"collection":[{"href":"https:\/\/digitourism.ch\/de\/wp-json\/wp\/v2\/pages"}],"about":[{"href":"https:\/\/digitourism.ch\/de\/wp-json\/wp\/v2\/types\/page"}],"author":[{"embeddable":true,"href":"https:\/\/digitourism.ch\/de\/wp-json\/wp\/v2\/users\/17"}],"replies":[{"embeddable":true,"href":"https:\/\/digitourism.ch\/de\/wp-json\/wp\/v2\/comments?post=28875"}],"version-history":[{"count":11,"href":"https:\/\/digitourism.ch\/de\/wp-json\/wp\/v2\/pages\/28875\/revisions"}],"predecessor-version":[{"id":28905,"href":"https:\/\/digitourism.ch\/de\/wp-json\/wp\/v2\/pages\/28875\/revisions\/28905"}],"wp:attachment":[{"href":"https:\/\/digitourism.ch\/de\/wp-json\/wp\/v2\/media?parent=28875"}],"curies":[{"name":"wp","href":"https:\/\/api.w.org\/{rel}","templated":true}]}}