{"id":14439,"date":"2022-03-09T15:02:57","date_gmt":"2022-03-09T14:02:57","guid":{"rendered":"https:\/\/digitourism.ch\/?page_id=14439"},"modified":"2026-03-12T10:17:55","modified_gmt":"2026-03-12T09:17:55","slug":"inscription-cursus-reseaux-sociaux","status":"publish","type":"page","link":"https:\/\/digitourism.ch\/fr\/inscription-cursus-reseaux-sociaux\/","title":{"rendered":"Inscription cursus r\u00e9seaux sociaux"},"content":{"rendered":"\t\t<div data-elementor-type=\"wp-page\" data-elementor-id=\"14439\" class=\"elementor elementor-14439\" data-elementor-post-type=\"page\">\n\t\t\t\t\t\t<section class=\"elementor-section elementor-top-section elementor-element elementor-element-c95a0ed elementor-section-boxed elementor-section-height-default elementor-section-height-default\" data-id=\"c95a0ed\" data-element_type=\"section\" data-e-type=\"section\">\n\t\t\t\t\t\t<div class=\"elementor-container elementor-column-gap-default\">\n\t\t\t\t\t<div class=\"elementor-column elementor-col-100 elementor-top-column elementor-element elementor-element-76f936d\" data-id=\"76f936d\" data-element_type=\"column\" data-e-type=\"column\">\n\t\t\t<div class=\"elementor-widget-wrap elementor-element-populated\">\n\t\t\t\t\t\t<div class=\"elementor-element elementor-element-c187d51 elementor-widget elementor-widget-spacer\" data-id=\"c187d51\" data-element_type=\"widget\" data-e-type=\"widget\" data-widget_type=\"spacer.default\">\n\t\t\t\t<div class=\"elementor-widget-container\">\n\t\t\t\t\t\t\t<div class=\"elementor-spacer\">\n\t\t\t<div class=\"elementor-spacer-inner\"><\/div>\n\t\t<\/div>\n\t\t\t\t\t\t<\/div>\n\t\t\t\t<\/div>\n\t\t\t\t<div class=\"elementor-element elementor-element-18330f8 elementor-widget elementor-widget-heading\" data-id=\"18330f8\" data-element_type=\"widget\" data-e-type=\"widget\" data-widget_type=\"heading.default\">\n\t\t\t\t<div class=\"elementor-widget-container\">\n\t\t\t\t\t<h2 class=\"elementor-heading-title elementor-size-default\">D\u00e9couvrez comment utiliser les bons m\u00e9dias sociaux pour votre entreprise touristique et \u00e0 y d\u00e9velopper une communication efficiente<\/h2>\t\t\t\t<\/div>\n\t\t\t\t<\/div>\n\t\t\t\t\t<\/div>\n\t\t<\/div>\n\t\t\t\t\t<\/div>\n\t\t<\/section>\n\t\t\t\t<section class=\"elementor-section elementor-top-section elementor-element elementor-element-70ff1de elementor-section-boxed elementor-section-height-default elementor-section-height-default\" data-id=\"70ff1de\" data-element_type=\"section\" data-e-type=\"section\">\n\t\t\t\t\t\t<div class=\"elementor-container elementor-column-gap-default\">\n\t\t\t\t\t<div class=\"elementor-column elementor-col-50 elementor-top-column elementor-element elementor-element-d270e00\" data-id=\"d270e00\" data-element_type=\"column\" data-e-type=\"column\">\n\t\t\t<div class=\"elementor-widget-wrap elementor-element-populated\">\n\t\t\t\t\t\t<div class=\"elementor-element elementor-element-2d86886 elementor-widget elementor-widget-text-editor\" data-id=\"2d86886\" data-element_type=\"widget\" data-e-type=\"widget\" data-widget_type=\"text-editor.default\">\n\t\t\t\t<div class=\"elementor-widget-container\">\n\t\t\t\t\t\t\t\t\t<p>En vous inscrivant ci-dessous, vous serez redirig\u00e9 vers la plateforme <a href=\"https:\/\/www.ritzy.ch\/ritzy\/Home\" target=\"_blank\" rel=\"noopener\">ritzy* formation continue<\/a>. Vous pourrez acc\u00e9der aux dates disponibles et \u00e0 toutes les informations pratiques li\u00e9es au cursus.<\/p><p>Pour les personnes qui poss\u00e8de d\u00e9j\u00e0 un compte ritzy*, il suffit de vous identifier avec votre login ritzy*. Si vous ne poss\u00e9dez pas de compte, vous<span style=\"font-size: 1.0625rem;\">\u00a0pouvez cr\u00e9er un compte ritzy* via le bouton \u00ab\u00a0S&rsquo;inscrire\u00a0\u00bb.<\/span><\/p>\t\t\t\t\t\t\t\t<\/div>\n\t\t\t\t<\/div>\n\t\t\t\t\t<\/div>\n\t\t<\/div>\n\t\t\t\t<div class=\"elementor-column elementor-col-50 elementor-top-column elementor-element elementor-element-919ffe6\" data-id=\"919ffe6\" data-element_type=\"column\" data-e-type=\"column\">\n\t\t\t<div class=\"elementor-widget-wrap elementor-element-populated\">\n\t\t\t\t\t\t<div class=\"elementor-element elementor-element-339e315 elementor-widget elementor-widget-spacer\" data-id=\"339e315\" data-element_type=\"widget\" data-e-type=\"widget\" data-widget_type=\"spacer.default\">\n\t\t\t\t<div class=\"elementor-widget-container\">\n\t\t\t\t\t\t\t<div class=\"elementor-spacer\">\n\t\t\t<div class=\"elementor-spacer-inner\"><\/div>\n\t\t<\/div>\n\t\t\t\t\t\t<\/div>\n\t\t\t\t<\/div>\n\t\t\t\t<div class=\"elementor-element elementor-element-6a80090 elementor-widget elementor-widget-image\" data-id=\"6a80090\" data-element_type=\"widget\" data-e-type=\"widget\" data-widget_type=\"image.default\">\n\t\t\t\t<div class=\"elementor-widget-container\">\n\t\t\t\t\t\t\t\t\t\t\t\t\t\t\t<img decoding=\"async\" src=\"https:\/\/digitourism.ch\/wp-content\/uploads\/elementor\/thumbs\/logo-ritzy-2020-qeoiwb91bqz1xbyeqx2489cjbmc3iqf4kb2tokworc.png\" title=\"ritzy_digitourism\" alt=\"ritzy_digitourism\" loading=\"lazy\" \/>\t\t\t\t\t\t\t\t\t\t\t\t\t\t\t<\/div>\n\t\t\t\t<\/div>\n\t\t\t\t\t<\/div>\n\t\t<\/div>\n\t\t\t\t\t<\/div>\n\t\t<\/section>\n\t\t\t\t<section class=\"elementor-section elementor-top-section elementor-element elementor-element-fde7b28 elementor-section-boxed elementor-section-height-default elementor-section-height-default\" data-id=\"fde7b28\" data-element_type=\"section\" data-e-type=\"section\">\n\t\t\t\t\t\t<div class=\"elementor-container elementor-column-gap-default\">\n\t\t\t\t\t<div class=\"elementor-column elementor-col-100 elementor-top-column elementor-element elementor-element-ea1c2a5\" data-id=\"ea1c2a5\" data-element_type=\"column\" data-e-type=\"column\">\n\t\t\t<div class=\"elementor-widget-wrap elementor-element-populated\">\n\t\t\t\t\t\t<div class=\"elementor-element elementor-element-9c24b8d elementor-widget elementor-widget-html\" data-id=\"9c24b8d\" data-element_type=\"widget\" data-e-type=\"widget\" data-widget_type=\"html.default\">\n\t\t\t\t<div class=\"elementor-widget-container\">\n\t\t\t\t\t<iframe src=\"https:\/\/my.ritzy.ch\/digitourisme?lang=FR&id_session=110521\" style=\"width:100%; height:2000px;\"><\/iframe>\t\t\t\t<\/div>\n\t\t\t\t<\/div>\n\t\t\t\t\t<\/div>\n\t\t<\/div>\n\t\t\t\t\t<\/div>\n\t\t<\/section>\n\t\t\t\t<\/div>\n\t\t","protected":false},"excerpt":{"rendered":"<p>D\u00e9couvrez comment utiliser les bons m\u00e9dias sociaux pour votre entreprise touristique et \u00e0 y d\u00e9velopper une communication efficiente En vous inscrivant ci-dessous, vous serez redirig\u00e9 vers la plateforme ritzy* formation continue. Vous pourrez acc\u00e9der aux dates disponibles et \u00e0 toutes les informations pratiques li\u00e9es au cursus. Pour les personnes qui poss\u00e8de d\u00e9j\u00e0 un compte ritzy*, [&hellip;]<\/p>\n","protected":false},"author":4,"featured_media":14268,"parent":0,"menu_order":0,"comment_status":"closed","ping_status":"closed","template":"","meta":{"_acf_changed":false,"footnotes":""},"class_list":["post-14439","page","type-page","status-publish","has-post-thumbnail","hentry"],"acf":[],"yoast_head":"<!-- This site is optimized with the Yoast SEO plugin v27.4 - https:\/\/yoast.com\/product\/yoast-seo-wordpress\/ -->\n<title>Inscription cursus r\u00e9seaux sociaux &#8211; Digitourism<\/title>\n<meta name=\"robots\" content=\"noindex, nofollow\" \/>\n<meta property=\"og:locale\" content=\"fr_FR\" \/>\n<meta property=\"og:type\" content=\"article\" \/>\n<meta property=\"og:title\" content=\"Inscription cursus r\u00e9seaux sociaux &#8211; Digitourism\" \/>\n<meta property=\"og:description\" content=\"D\u00e9couvrez comment utiliser les bons m\u00e9dias sociaux pour votre entreprise touristique et \u00e0 y d\u00e9velopper une communication efficiente En vous inscrivant ci-dessous, vous serez redirig\u00e9 vers la plateforme ritzy* formation continue. Vous pourrez acc\u00e9der aux dates disponibles et \u00e0 toutes les informations pratiques li\u00e9es au cursus. Pour les personnes qui poss\u00e8de d\u00e9j\u00e0 un compte ritzy*, [&hellip;]\" \/>\n<meta property=\"og:url\" content=\"https:\/\/digitourism.ch\/fr\/inscription-cursus-reseaux-sociaux\/\" \/>\n<meta property=\"og:site_name\" content=\"Digitourism\" \/>\n<meta property=\"article:modified_time\" content=\"2026-03-12T09:17:55+00:00\" \/>\n<meta property=\"og:image\" content=\"https:\/\/digitourism.ch\/wp-content\/uploads\/2022\/03\/Webinaire-reseaux-sociaux-1-scaled.jpg\" \/>\n\t<meta property=\"og:image:width\" content=\"2560\" \/>\n\t<meta property=\"og:image:height\" content=\"1696\" \/>\n\t<meta property=\"og:image:type\" content=\"image\/jpeg\" \/>\n<meta name=\"twitter:card\" content=\"summary_large_image\" \/>\n<meta name=\"twitter:label1\" content=\"Dur\u00e9e de lecture estim\u00e9e\" \/>\n\t<meta name=\"twitter:data1\" content=\"1 minute\" \/>\n<script type=\"application\/ld+json\" class=\"yoast-schema-graph\">{\"@context\":\"https:\\\/\\\/schema.org\",\"@graph\":[{\"@type\":\"WebPage\",\"@id\":\"https:\\\/\\\/digitourism.ch\\\/fr\\\/inscription-cursus-reseaux-sociaux\\\/\",\"url\":\"https:\\\/\\\/digitourism.ch\\\/fr\\\/inscription-cursus-reseaux-sociaux\\\/\",\"name\":\"Inscription cursus r\u00e9seaux sociaux &#8211; Digitourism\",\"isPartOf\":{\"@id\":\"https:\\\/\\\/digitourism.ch\\\/fr\\\/#website\"},\"primaryImageOfPage\":{\"@id\":\"https:\\\/\\\/digitourism.ch\\\/fr\\\/inscription-cursus-reseaux-sociaux\\\/#primaryimage\"},\"image\":{\"@id\":\"https:\\\/\\\/digitourism.ch\\\/fr\\\/inscription-cursus-reseaux-sociaux\\\/#primaryimage\"},\"thumbnailUrl\":\"https:\\\/\\\/digitourism.ch\\\/wp-content\\\/uploads\\\/2022\\\/03\\\/Webinaire-reseaux-sociaux-1-scaled.jpg\",\"datePublished\":\"2022-03-09T14:02:57+00:00\",\"dateModified\":\"2026-03-12T09:17:55+00:00\",\"breadcrumb\":{\"@id\":\"https:\\\/\\\/digitourism.ch\\\/fr\\\/inscription-cursus-reseaux-sociaux\\\/#breadcrumb\"},\"inLanguage\":\"fr-FR\",\"potentialAction\":[{\"@type\":\"ReadAction\",\"target\":[\"https:\\\/\\\/digitourism.ch\\\/fr\\\/inscription-cursus-reseaux-sociaux\\\/\"]}]},{\"@type\":\"ImageObject\",\"inLanguage\":\"fr-FR\",\"@id\":\"https:\\\/\\\/digitourism.ch\\\/fr\\\/inscription-cursus-reseaux-sociaux\\\/#primaryimage\",\"url\":\"https:\\\/\\\/digitourism.ch\\\/wp-content\\\/uploads\\\/2022\\\/03\\\/Webinaire-reseaux-sociaux-1-scaled.jpg\",\"contentUrl\":\"https:\\\/\\\/digitourism.ch\\\/wp-content\\\/uploads\\\/2022\\\/03\\\/Webinaire-reseaux-sociaux-1-scaled.jpg\",\"width\":2560,\"height\":1696,\"caption\":\"Young woman using smart phone,Social media concept.\"},{\"@type\":\"BreadcrumbList\",\"@id\":\"https:\\\/\\\/digitourism.ch\\\/fr\\\/inscription-cursus-reseaux-sociaux\\\/#breadcrumb\",\"itemListElement\":[{\"@type\":\"ListItem\",\"position\":1,\"name\":\"Home\",\"item\":\"https:\\\/\\\/digitourism.ch\\\/fr\\\/\"},{\"@type\":\"ListItem\",\"position\":2,\"name\":\"Inscription cursus r\u00e9seaux sociaux\"}]},{\"@type\":\"WebSite\",\"@id\":\"https:\\\/\\\/digitourism.ch\\\/fr\\\/#website\",\"url\":\"https:\\\/\\\/digitourism.ch\\\/fr\\\/\",\"name\":\"Digitourism\",\"description\":\"Digitalisation du tourisme en Valais\",\"publisher\":{\"@id\":\"https:\\\/\\\/digitourism.ch\\\/fr\\\/#organization\"},\"potentialAction\":[{\"@type\":\"SearchAction\",\"target\":{\"@type\":\"EntryPoint\",\"urlTemplate\":\"https:\\\/\\\/digitourism.ch\\\/fr\\\/?s={search_term_string}\"},\"query-input\":{\"@type\":\"PropertyValueSpecification\",\"valueRequired\":true,\"valueName\":\"search_term_string\"}}],\"inLanguage\":\"fr-FR\"},{\"@type\":\"Organization\",\"@id\":\"https:\\\/\\\/digitourism.ch\\\/fr\\\/#organization\",\"name\":\"Digitourism\",\"url\":\"https:\\\/\\\/digitourism.ch\\\/fr\\\/\",\"logo\":{\"@type\":\"ImageObject\",\"inLanguage\":\"fr-FR\",\"@id\":\"https:\\\/\\\/digitourism.ch\\\/fr\\\/#\\\/schema\\\/logo\\\/image\\\/\",\"url\":\"\",\"contentUrl\":\"\",\"caption\":\"Digitourism\"},\"image\":{\"@id\":\"https:\\\/\\\/digitourism.ch\\\/fr\\\/#\\\/schema\\\/logo\\\/image\\\/\"}}]}<\/script>\n<!-- \/ Yoast SEO plugin. -->","yoast_head_json":{"title":"Inscription cursus r\u00e9seaux sociaux &#8211; Digitourism","robots":{"index":"noindex","follow":"nofollow"},"og_locale":"fr_FR","og_type":"article","og_title":"Inscription cursus r\u00e9seaux sociaux &#8211; Digitourism","og_description":"D\u00e9couvrez comment utiliser les bons m\u00e9dias sociaux pour votre entreprise touristique et \u00e0 y d\u00e9velopper une communication efficiente En vous inscrivant ci-dessous, vous serez redirig\u00e9 vers la plateforme ritzy* formation continue. Vous pourrez acc\u00e9der aux dates disponibles et \u00e0 toutes les informations pratiques li\u00e9es au cursus. Pour les personnes qui poss\u00e8de d\u00e9j\u00e0 un compte ritzy*, [&hellip;]","og_url":"https:\/\/digitourism.ch\/fr\/inscription-cursus-reseaux-sociaux\/","og_site_name":"Digitourism","article_modified_time":"2026-03-12T09:17:55+00:00","og_image":[{"width":2560,"height":1696,"url":"https:\/\/digitourism.ch\/wp-content\/uploads\/2022\/03\/Webinaire-reseaux-sociaux-1-scaled.jpg","type":"image\/jpeg"}],"twitter_card":"summary_large_image","twitter_misc":{"Dur\u00e9e de lecture estim\u00e9e":"1 minute"},"schema":{"@context":"https:\/\/schema.org","@graph":[{"@type":"WebPage","@id":"https:\/\/digitourism.ch\/fr\/inscription-cursus-reseaux-sociaux\/","url":"https:\/\/digitourism.ch\/fr\/inscription-cursus-reseaux-sociaux\/","name":"Inscription cursus r\u00e9seaux sociaux &#8211; Digitourism","isPartOf":{"@id":"https:\/\/digitourism.ch\/fr\/#website"},"primaryImageOfPage":{"@id":"https:\/\/digitourism.ch\/fr\/inscription-cursus-reseaux-sociaux\/#primaryimage"},"image":{"@id":"https:\/\/digitourism.ch\/fr\/inscription-cursus-reseaux-sociaux\/#primaryimage"},"thumbnailUrl":"https:\/\/digitourism.ch\/wp-content\/uploads\/2022\/03\/Webinaire-reseaux-sociaux-1-scaled.jpg","datePublished":"2022-03-09T14:02:57+00:00","dateModified":"2026-03-12T09:17:55+00:00","breadcrumb":{"@id":"https:\/\/digitourism.ch\/fr\/inscription-cursus-reseaux-sociaux\/#breadcrumb"},"inLanguage":"fr-FR","potentialAction":[{"@type":"ReadAction","target":["https:\/\/digitourism.ch\/fr\/inscription-cursus-reseaux-sociaux\/"]}]},{"@type":"ImageObject","inLanguage":"fr-FR","@id":"https:\/\/digitourism.ch\/fr\/inscription-cursus-reseaux-sociaux\/#primaryimage","url":"https:\/\/digitourism.ch\/wp-content\/uploads\/2022\/03\/Webinaire-reseaux-sociaux-1-scaled.jpg","contentUrl":"https:\/\/digitourism.ch\/wp-content\/uploads\/2022\/03\/Webinaire-reseaux-sociaux-1-scaled.jpg","width":2560,"height":1696,"caption":"Young woman using smart phone,Social media concept."},{"@type":"BreadcrumbList","@id":"https:\/\/digitourism.ch\/fr\/inscription-cursus-reseaux-sociaux\/#breadcrumb","itemListElement":[{"@type":"ListItem","position":1,"name":"Home","item":"https:\/\/digitourism.ch\/fr\/"},{"@type":"ListItem","position":2,"name":"Inscription cursus r\u00e9seaux sociaux"}]},{"@type":"WebSite","@id":"https:\/\/digitourism.ch\/fr\/#website","url":"https:\/\/digitourism.ch\/fr\/","name":"Digitourism","description":"Digitalisation du tourisme en Valais","publisher":{"@id":"https:\/\/digitourism.ch\/fr\/#organization"},"potentialAction":[{"@type":"SearchAction","target":{"@type":"EntryPoint","urlTemplate":"https:\/\/digitourism.ch\/fr\/?s={search_term_string}"},"query-input":{"@type":"PropertyValueSpecification","valueRequired":true,"valueName":"search_term_string"}}],"inLanguage":"fr-FR"},{"@type":"Organization","@id":"https:\/\/digitourism.ch\/fr\/#organization","name":"Digitourism","url":"https:\/\/digitourism.ch\/fr\/","logo":{"@type":"ImageObject","inLanguage":"fr-FR","@id":"https:\/\/digitourism.ch\/fr\/#\/schema\/logo\/image\/","url":"","contentUrl":"","caption":"Digitourism"},"image":{"@id":"https:\/\/digitourism.ch\/fr\/#\/schema\/logo\/image\/"}}]}},"_links":{"self":[{"href":"https:\/\/digitourism.ch\/fr\/wp-json\/wp\/v2\/pages\/14439","targetHints":{"allow":["GET"]}}],"collection":[{"href":"https:\/\/digitourism.ch\/fr\/wp-json\/wp\/v2\/pages"}],"about":[{"href":"https:\/\/digitourism.ch\/fr\/wp-json\/wp\/v2\/types\/page"}],"author":[{"embeddable":true,"href":"https:\/\/digitourism.ch\/fr\/wp-json\/wp\/v2\/users\/4"}],"replies":[{"embeddable":true,"href":"https:\/\/digitourism.ch\/fr\/wp-json\/wp\/v2\/comments?post=14439"}],"version-history":[{"count":13,"href":"https:\/\/digitourism.ch\/fr\/wp-json\/wp\/v2\/pages\/14439\/revisions"}],"predecessor-version":[{"id":31217,"href":"https:\/\/digitourism.ch\/fr\/wp-json\/wp\/v2\/pages\/14439\/revisions\/31217"}],"wp:featuredmedia":[{"embeddable":true,"href":"https:\/\/digitourism.ch\/fr\/wp-json\/wp\/v2\/media\/14268"}],"wp:attachment":[{"href":"https:\/\/digitourism.ch\/fr\/wp-json\/wp\/v2\/media?parent=14439"}],"curies":[{"name":"wp","href":"https:\/\/api.w.org\/{rel}","templated":true}]}}