{"id":1679,"date":"2020-08-18T11:07:19","date_gmt":"2020-08-18T09:07:19","guid":{"rendered":"https:\/\/digitourism.ch\/?page_id=1679"},"modified":"2025-06-12T15:22:57","modified_gmt":"2025-06-12T13:22:57","slug":"charte-de-protection-des-donnees","status":"publish","type":"page","link":"https:\/\/digitourism.ch\/fr\/charte-de-protection-des-donnees\/","title":{"rendered":"Charte de protection des donn\u00e9es"},"content":{"rendered":"\t\t<div data-elementor-type=\"wp-page\" data-elementor-id=\"1679\" class=\"elementor elementor-1679\" data-elementor-post-type=\"page\">\n\t\t\t\t\t\t<section class=\"elementor-section elementor-top-section elementor-element elementor-element-5e4ea856 elementor-section-boxed elementor-section-height-default elementor-section-height-default\" data-id=\"5e4ea856\" data-element_type=\"section\" data-e-type=\"section\">\n\t\t\t\t\t\t<div class=\"elementor-container elementor-column-gap-default\">\n\t\t\t\t\t<div class=\"elementor-column elementor-col-100 elementor-top-column elementor-element elementor-element-61d29136\" data-id=\"61d29136\" data-element_type=\"column\" data-e-type=\"column\">\n\t\t\t<div class=\"elementor-widget-wrap elementor-element-populated\">\n\t\t\t\t\t\t<div class=\"elementor-element elementor-element-f204efc elementor-widget elementor-widget-heading\" data-id=\"f204efc\" data-element_type=\"widget\" data-e-type=\"widget\" data-widget_type=\"heading.default\">\n\t\t\t\t<div class=\"elementor-widget-container\">\n\t\t\t\t\t<h3 class=\"elementor-heading-title elementor-size-default\">Utilisation du site internet<\/h3>\t\t\t\t<\/div>\n\t\t\t\t<\/div>\n\t\t\t\t<div class=\"elementor-element elementor-element-2f3a7cf2 elementor-widget elementor-widget-text-editor\" data-id=\"2f3a7cf2\" data-element_type=\"widget\" data-e-type=\"widget\" data-widget_type=\"text-editor.default\">\n\t\t\t\t<div class=\"elementor-widget-container\">\n\t\t\t\t\t\t\t\t\t<p>Toute utilisation du pr\u00e9sent site web et des services propos\u00e9s par celui-ci (tels que newsletters) est soumise \u00e0 l\u2019acceptation pr\u00e9alable par l\u2019utilisateur des pr\u00e9sentes conditions g\u00e9n\u00e9rales.<\/p><p>L\u2019ensemble des \u00e9l\u00e9ments du pr\u00e9sent site web est prot\u00e9g\u00e9 par la l\u00e9gislation sur la propri\u00e9t\u00e9 intellectuelle et en particulier par celle relative au droit d\u2019auteur.<\/p><p>Aucune partie du pr\u00e9sent site, qu\u2019elle soit graphique, iconographique, textuelle, vid\u00e9ographique ou sonore, ne peut \u00eatre copi\u00e9e, republi\u00e9e, stock\u00e9e dans un syst\u00e8me de recherche et d\u2019extraction de donn\u00e9es ou encore reproduite, sous quelque forme et par quelque moyen que ce soit, sans l\u2019autorisation expresse de CimArk SA, qui g\u00e8re le site Digitourism.<\/p><p>CimArk SA s\u2019efforce de donner des informations exactes et actualis\u00e9es sur son site. N\u00e9anmoins, elle ne peut garantir l\u2019exactitude, la fiabilit\u00e9 et l\u2019exhaustivit\u00e9 des informations qui y figurent ou auxquelles il est fait r\u00e9f\u00e9rence.<\/p><p>En outre, des d\u00e9faillances du syst\u00e8me telles que des interruptions, des attaques par des virus ou des pertes de donn\u00e9es ne peuvent pas \u00eatre exclues.<\/p><p>Enfin, CimArk SA se r\u00e9serve le droit de compl\u00e9ter, modifier ou supprimer son site web ainsi que les informations qui y sont publi\u00e9es en tout temps et sans avis pr\u00e9alable.<\/p>\t\t\t\t\t\t\t\t<\/div>\n\t\t\t\t<\/div>\n\t\t\t\t<div class=\"elementor-element elementor-element-72bb50e elementor-widget elementor-widget-heading\" data-id=\"72bb50e\" data-element_type=\"widget\" data-e-type=\"widget\" data-widget_type=\"heading.default\">\n\t\t\t\t<div class=\"elementor-widget-container\">\n\t\t\t\t\t<h3 class=\"elementor-heading-title elementor-size-default\">Statistiques de fr\u00e9quentation<\/h3>\t\t\t\t<\/div>\n\t\t\t\t<\/div>\n\t\t\t\t<div class=\"elementor-element elementor-element-e5129e7 elementor-widget elementor-widget-text-editor\" data-id=\"e5129e7\" data-element_type=\"widget\" data-e-type=\"widget\" data-widget_type=\"text-editor.default\">\n\t\t\t\t<div class=\"elementor-widget-container\">\n\t\t\t\t\t\t\t\t\t<p>Les acc\u00e8s aux pages du pr\u00e9sent site web sont enregistr\u00e9s \u00e0 des fins de statistique, d\u2019o\u00f9 il r\u00e9sulte des retours d\u2019information quant au comportement des utilisatrices et utilisateurs des sites. Ces statistiques sont relev\u00e9es de mani\u00e8re compl\u00e8tement anonyme. Le pr\u00e9sent site utilise Google Analytics pour analyser l\u2019audience du site, un service d\u2019analyse de site internet fourni gratuitement par Google Inc. (\u00ab Google \u00bb).<\/p><p>Google Analytics utilise des cookies, qui sont des fichiers texte plac\u00e9s sur l\u2019ordinateur, pour aider le site internet \u00e0 analyser l\u2019utilisation du site par ses utilisateurs. Les donn\u00e9es g\u00e9n\u00e9r\u00e9es par les cookies concernant l\u2019utilisation du site (y compris l\u2019adresse IP) sont transmises et stock\u00e9es sur des serveurs situ\u00e9s aux Etats-Unis. Il s\u2019agit de l\u2019adresse IP, de la provenance g\u00e9ographique, de la date de visite, de la dur\u00e9e de la visite, des pages consult\u00e9es et de l\u2019encha\u00eenement des pages. Cette information est utilis\u00e9e dans le but d\u2019\u00e9valuer l\u2019utilisation du site, de compiler des rapports sur l\u2019activit\u00e9 du site \u00e0 destination de son \u00e9diteur et de fournir d\u2019autres services relatifs \u00e0 l\u2019activit\u00e9 du site et \u00e0 l\u2019utilisation d\u2019Internet.<\/p><p>Google est susceptible de communiquer ces donn\u00e9es \u00e0 des tiers en cas d\u2019obligation l\u00e9gale ou lorsque ces tiers traitent ces donn\u00e9es pour leurs comptes, y compris notamment l\u2019\u00e9diteur de ce site. Ils ne recouperont pas l\u2019adresse IP avec toute autre donn\u00e9e d\u00e9tenue. L\u2019utilisation de cookies peut \u00eatre d\u00e9sactiv\u00e9e en s\u00e9lectionnant les param\u00e8tres appropri\u00e9s du navigateur. Cependant, une telle d\u00e9sactivation pourrait emp\u00eacher l\u2019utilisation de certaines fonctionnalit\u00e9s de ce site. Pour plus d&rsquo;informations, vous pouvez consulter les <a href=\"https:\/\/www.google.com\/analytics\/terms\/fr.html\" target=\"_blank\" rel=\"noopener\">conditions g\u00e9n\u00e9rales de Google Analytics<\/a>.<\/p>\t\t\t\t\t\t\t\t<\/div>\n\t\t\t\t<\/div>\n\t\t\t\t<div class=\"elementor-element elementor-element-0b1528d elementor-widget elementor-widget-heading\" data-id=\"0b1528d\" data-element_type=\"widget\" data-e-type=\"widget\" data-widget_type=\"heading.default\">\n\t\t\t\t<div class=\"elementor-widget-container\">\n\t\t\t\t\t<h3 class=\"elementor-heading-title elementor-size-default\">S\u00e9curit\u00e9 des donn\u00e9es<\/h3>\t\t\t\t<\/div>\n\t\t\t\t<\/div>\n\t\t\t\t<div class=\"elementor-element elementor-element-dd0e4fd elementor-widget elementor-widget-text-editor\" data-id=\"dd0e4fd\" data-element_type=\"widget\" data-e-type=\"widget\" data-widget_type=\"text-editor.default\">\n\t\t\t\t<div class=\"elementor-widget-container\">\n\t\t\t\t\t\t\t\t\t<p>CimArk SA et son partenaire technique ont pris les mesures organisationnelles et techniques appropri\u00e9es afin d\u2019emp\u00eacher toute manipulation fortuite ou intentionnelle du pr\u00e9sent site web, ainsi que toute perte, destruction de donn\u00e9es ou acc\u00e8s non autoris\u00e9 lors de l\u2019utilisation de celui-ci.<\/p>\t\t\t\t\t\t\t\t<\/div>\n\t\t\t\t<\/div>\n\t\t\t\t<div class=\"elementor-element elementor-element-42dbada elementor-widget elementor-widget-heading\" data-id=\"42dbada\" data-element_type=\"widget\" data-e-type=\"widget\" data-widget_type=\"heading.default\">\n\t\t\t\t<div class=\"elementor-widget-container\">\n\t\t\t\t\t<h3 class=\"elementor-heading-title elementor-size-default\">Protection des donn\u00e9es personnelles<\/h3>\t\t\t\t<\/div>\n\t\t\t\t<\/div>\n\t\t\t\t<div class=\"elementor-element elementor-element-16e5877 elementor-widget elementor-widget-text-editor\" data-id=\"16e5877\" data-element_type=\"widget\" data-e-type=\"widget\" data-widget_type=\"text-editor.default\">\n\t\t\t\t<div class=\"elementor-widget-container\">\n\t\t\t\t\t\t\t\t\t<p>Des donn\u00e9es personnelles ne sont collect\u00e9es que lorsque l\u2019utilisateur les communique volontairement \u00e0 Digitourism (via CimArk SA) en remplissant un formulaire sur le site web, notamment \u00e0 l\u2019occasion d\u2019une inscription.<\/p><p>CimArk SA ne r\u00e9colte que les donn\u00e9es strictement n\u00e9cessaires \u00e0 la r\u00e9alisation de la prestation.<\/p><p>Ces donn\u00e9es seront utilis\u00e9es exclusivement pour le traitement et l\u2019ex\u00e9cution de la prestation ainsi que pour transmettre les invitations \u00e0 de futurs \u00e9v\u00e9nements ou newsletters (d\u00e9sabonnement possible \u00e0 tout moment en un clic). Si n\u00e9cessaire, elles pourront \u00eatre communiqu\u00e9es aux prestataires de service intervenant dans l\u2019ex\u00e9cution de la prestation. Les donn\u00e9es ainsi transmises ne pourront \u00eatre utilis\u00e9es que pour mener \u00e0 bien la prestation. Aucune autre utilisation n\u2019est autoris\u00e9e par des tiers autres que CimArk SA.<\/p><p>Pour tout renseignement compl\u00e9mentaire, veuillez contacter CimArk SA <a href=\"mailto:info@cimark.ch\" target=\"_blank\" rel=\"noopener\">par e-mail<\/a>.<\/p>\t\t\t\t\t\t\t\t<\/div>\n\t\t\t\t<\/div>\n\t\t\t\t<div class=\"elementor-element elementor-element-9121c3d elementor-widget elementor-widget-heading\" data-id=\"9121c3d\" data-element_type=\"widget\" data-e-type=\"widget\" data-widget_type=\"heading.default\">\n\t\t\t\t<div class=\"elementor-widget-container\">\n\t\t\t\t\t<h3 class=\"elementor-heading-title elementor-size-default\">Impressum<\/h3>\t\t\t\t<\/div>\n\t\t\t\t<\/div>\n\t\t\t\t<div class=\"elementor-element elementor-element-4907465 elementor-widget elementor-widget-text-editor\" data-id=\"4907465\" data-element_type=\"widget\" data-e-type=\"widget\" data-widget_type=\"text-editor.default\">\n\t\t\t\t<div class=\"elementor-widget-container\">\n\t\t\t\t\t\t\t\t\t<p>Les photographies utilis\u00e9es sur le site web appartiennent \u00e0 leur exploitant ou, dans le cas contraire, le d\u00e9tenteur des droits est mentionn\u00e9. Toute reproduction n\u00e9cessite une autorisation \u00e9crite de la part du d\u00e9tenteur des droits. Les photographies de Valais-Wallis Promotion utilis\u00e9es dans ce site web et les newsletter de Digitourism appartiennent \u00e0 Pascal Gertschen et David Carlier et Yves&nbsp;<span style=\"font-size: 1.0625rem;\">Garneau,&nbsp;<\/span><span style=\"font-size: 1.0625rem;\">celles-ci sont prot\u00e9g\u00e9es par le droit d&rsquo;auteur.<\/span><\/p>\t\t\t\t\t\t\t\t<\/div>\n\t\t\t\t<\/div>\n\t\t\t\t<div class=\"elementor-element elementor-element-10b380f elementor-widget elementor-widget-heading\" data-id=\"10b380f\" data-element_type=\"widget\" data-e-type=\"widget\" data-widget_type=\"heading.default\">\n\t\t\t\t<div class=\"elementor-widget-container\">\n\t\t\t\t\t<h3 class=\"elementor-heading-title elementor-size-default\">Traitement des donn\u00e9es sur la plateforme Digitourism<\/h3>\t\t\t\t<\/div>\n\t\t\t\t<\/div>\n\t\t\t\t<div class=\"elementor-element elementor-element-896941f elementor-widget elementor-widget-text-editor\" data-id=\"896941f\" data-element_type=\"widget\" data-e-type=\"widget\" data-widget_type=\"text-editor.default\">\n\t\t\t\t<div class=\"elementor-widget-container\">\n\t\t\t\t\t\t\t\t\t<p>Dans le cadre de l\u2019utilisation de la plateforme Digitourism (accessible via <a href=\"https:\/\/app.digitourism.ch\">https:\/\/app.digitourism.ch<\/a>, certaines donn\u00e9es personnelles peuvent \u00eatre recueillies aupr\u00e8s des utilisateurs, notamment lors de la cr\u00e9ation de compte, la soumission de projets, ou l\u2019acc\u00e8s \u00e0 certaines fonctionnalit\u00e9s collaboratives.<\/p><p>Les donn\u00e9es collect\u00e9es ont pour finalit\u00e9 exclusive de permettre \u00e0 Digitourism de fournir les services propos\u00e9s sur la plateforme : gestion de projets, accompagnement des utilisateurs, mise en relation, statistiques d\u2019usage, etc. Elles sont trait\u00e9es dans le respect des finalit\u00e9s initialement pr\u00e9vues et ne sont ni revendues ni utilis\u00e9es \u00e0 des fins de prospection commerciale sans consentement explicite.<\/p><p><strong>Responsabilit\u00e9s et sous-traitance<\/strong><\/p><p>Tokiwi SA, en tant que prestataire technique et d\u00e9veloppeur de la plateforme, n\u2019assume <strong>pas le r\u00f4le de responsable du traitement<\/strong> des donn\u00e9es personnelles r\u00e9colt\u00e9es sur la plateforme. Les donn\u00e9es ne sont <strong>ni stock\u00e9es ni exploit\u00e9es directement<\/strong> par Tokiwi SA \u00e0 des fins propres.<\/p><p>Toutefois, la plateforme repose sur des services tiers n\u00e9cessaires \u00e0 son bon fonctionnement (h\u00e9bergement, base de donn\u00e9es, services analytiques, etc.). Ces services sont rigoureusement s\u00e9lectionn\u00e9s pour leur conformit\u00e9 aux standards de s\u00e9curit\u00e9 et de confidentialit\u00e9, notamment avec les lois suisses et\/ou europ\u00e9ennes applicables.<\/p><p>Les donn\u00e9es sont h\u00e9berg\u00e9es en Suisse ou dans l\u2019Union europ\u00e9enne, sauf mention contraire sp\u00e9cifique, sur des infrastructures s\u00e9curis\u00e9es fournies par des prestataires conformes \u00e0 la LPD et au RGPD.<\/p><p><strong>S\u00e9curit\u00e9 et acc\u00e8s<\/strong><\/p><p>Digitourism met tout en \u0153uvre pour garantir la s\u00e9curit\u00e9 des donn\u00e9es : transmission chiffr\u00e9e (HTTPS), contr\u00f4le d\u2019acc\u00e8s, journalisation, sauvegardes r\u00e9guli\u00e8res. L\u2019acc\u00e8s aux donn\u00e9es est strictement limit\u00e9 aux personnes autoris\u00e9es dans le cadre de leur mission.<\/p><p><strong>Droits des utilisateurs<\/strong><\/p><p>Conform\u00e9ment \u00e0 la l\u00e9gislation suisse sur la protection des donn\u00e9es, tout utilisateur dispose des droits suivants :<\/p><ul><li>Droit d\u2019acc\u00e8s \u00e0 ses donn\u00e9es ;<\/li><li>Droit de rectification ;<\/li><li>Droit \u00e0 l\u2019effacement (dans la mesure du possible au regard des obligations l\u00e9gales) ;<\/li><li>Droit \u00e0 la limitation du traitement ;<\/li><li>Droit d\u2019opposition, le cas \u00e9ch\u00e9ant.<\/li><\/ul><p>Les demandes relatives aux donn\u00e9es personnelles peuvent \u00eatre adress\u00e9es directement \u00e0 Digitourism via le formulaire de contact ou \u00e0 l\u2019adresse e-mail suivante : <a href=\"mailto:info@digitourism.ch\" target=\"_blank\" rel=\"noopener\">info@digitourism.ch<\/a><\/p>\t\t\t\t\t\t\t\t<\/div>\n\t\t\t\t<\/div>\n\t\t\t\t\t<\/div>\n\t\t<\/div>\n\t\t\t\t\t<\/div>\n\t\t<\/section>\n\t\t\t\t<\/div>\n\t\t","protected":false},"excerpt":{"rendered":"<p>Utilisation du site internet Toute utilisation du pr\u00e9sent site web et des services propos\u00e9s par celui-ci (tels que newsletters) est soumise \u00e0 l\u2019acceptation pr\u00e9alable par l\u2019utilisateur des pr\u00e9sentes conditions g\u00e9n\u00e9rales. L\u2019ensemble des \u00e9l\u00e9ments du pr\u00e9sent site web est prot\u00e9g\u00e9 par la l\u00e9gislation sur la propri\u00e9t\u00e9 intellectuelle et en particulier par celle relative au droit d\u2019auteur. [&hellip;]<\/p>\n","protected":false},"author":19,"featured_media":0,"parent":0,"menu_order":0,"comment_status":"closed","ping_status":"closed","template":"","meta":{"_acf_changed":false,"footnotes":""},"class_list":["post-1679","page","type-page","status-publish","hentry"],"acf":[],"yoast_head":"<!-- This site is optimized with the Yoast SEO plugin v27.6 - https:\/\/yoast.com\/product\/yoast-seo-wordpress\/ -->\n<title>Charte de protection des donn\u00e9es &#8211; Digitourism<\/title>\n<meta name=\"description\" content=\"Toute utilisation du site web et des services propos\u00e9s est soumise \u00e0 l\u2019acceptation pr\u00e9alable des conditions g\u00e9n\u00e9rales.\" \/>\n<meta name=\"robots\" content=\"index, follow, max-snippet:-1, max-image-preview:large, max-video-preview:-1\" \/>\n<link rel=\"canonical\" href=\"https:\/\/digitourism.ch\/fr\/charte-de-protection-des-donnees\/\" \/>\n<meta property=\"og:locale\" content=\"fr_FR\" \/>\n<meta property=\"og:type\" content=\"article\" \/>\n<meta property=\"og:title\" content=\"Charte de protection des donn\u00e9es &#8211; Digitourism\" \/>\n<meta property=\"og:description\" content=\"Toute utilisation du site web et des services propos\u00e9s est soumise \u00e0 l\u2019acceptation pr\u00e9alable des conditions g\u00e9n\u00e9rales.\" \/>\n<meta property=\"og:url\" content=\"https:\/\/digitourism.ch\/fr\/charte-de-protection-des-donnees\/\" \/>\n<meta property=\"og:site_name\" content=\"Digitourism\" \/>\n<meta property=\"article:modified_time\" content=\"2025-06-12T13:22:57+00:00\" \/>\n<meta property=\"og:image\" content=\"https:\/\/digitourism.ch\/wp-content\/uploads\/2021\/01\/MontagneAlternative_12.jpg\" \/>\n\t<meta property=\"og:image:width\" content=\"2190\" \/>\n\t<meta property=\"og:image:height\" content=\"1460\" \/>\n\t<meta property=\"og:image:type\" content=\"image\/jpeg\" \/>\n<meta name=\"twitter:card\" content=\"summary_large_image\" \/>\n<meta name=\"twitter:image\" content=\"https:\/\/digitourism.ch\/wp-content\/uploads\/2021\/01\/MontagneAlternative_12.jpg\" \/>\n<meta name=\"twitter:label1\" content=\"Dur\u00e9e de lecture estim\u00e9e\" \/>\n\t<meta name=\"twitter:data1\" content=\"6 minutes\" \/>\n<script type=\"application\/ld+json\" class=\"yoast-schema-graph\">{\"@context\":\"https:\\\/\\\/schema.org\",\"@graph\":[{\"@type\":\"WebPage\",\"@id\":\"https:\\\/\\\/digitourism.ch\\\/fr\\\/charte-de-protection-des-donnees\\\/\",\"url\":\"https:\\\/\\\/digitourism.ch\\\/fr\\\/charte-de-protection-des-donnees\\\/\",\"name\":\"Charte de protection des donn\u00e9es &#8211; Digitourism\",\"isPartOf\":{\"@id\":\"https:\\\/\\\/digitourism.ch\\\/fr\\\/#website\"},\"datePublished\":\"2020-08-18T09:07:19+00:00\",\"dateModified\":\"2025-06-12T13:22:57+00:00\",\"description\":\"Toute utilisation du site web et des services propos\u00e9s est soumise \u00e0 l\u2019acceptation pr\u00e9alable des conditions g\u00e9n\u00e9rales.\",\"breadcrumb\":{\"@id\":\"https:\\\/\\\/digitourism.ch\\\/fr\\\/charte-de-protection-des-donnees\\\/#breadcrumb\"},\"inLanguage\":\"fr-FR\",\"potentialAction\":[{\"@type\":\"ReadAction\",\"target\":[\"https:\\\/\\\/digitourism.ch\\\/fr\\\/charte-de-protection-des-donnees\\\/\"]}]},{\"@type\":\"BreadcrumbList\",\"@id\":\"https:\\\/\\\/digitourism.ch\\\/fr\\\/charte-de-protection-des-donnees\\\/#breadcrumb\",\"itemListElement\":[{\"@type\":\"ListItem\",\"position\":1,\"name\":\"Home\",\"item\":\"https:\\\/\\\/digitourism.ch\\\/fr\\\/\"},{\"@type\":\"ListItem\",\"position\":2,\"name\":\"Charte de protection des donn\u00e9es\"}]},{\"@type\":\"WebSite\",\"@id\":\"https:\\\/\\\/digitourism.ch\\\/fr\\\/#website\",\"url\":\"https:\\\/\\\/digitourism.ch\\\/fr\\\/\",\"name\":\"Digitourism\",\"description\":\"Digitalisation du tourisme en Valais\",\"publisher\":{\"@id\":\"https:\\\/\\\/digitourism.ch\\\/fr\\\/#organization\"},\"potentialAction\":[{\"@type\":\"SearchAction\",\"target\":{\"@type\":\"EntryPoint\",\"urlTemplate\":\"https:\\\/\\\/digitourism.ch\\\/fr\\\/?s={search_term_string}\"},\"query-input\":{\"@type\":\"PropertyValueSpecification\",\"valueRequired\":true,\"valueName\":\"search_term_string\"}}],\"inLanguage\":\"fr-FR\"},{\"@type\":\"Organization\",\"@id\":\"https:\\\/\\\/digitourism.ch\\\/fr\\\/#organization\",\"name\":\"Digitourism\",\"url\":\"https:\\\/\\\/digitourism.ch\\\/fr\\\/\",\"logo\":{\"@type\":\"ImageObject\",\"inLanguage\":\"fr-FR\",\"@id\":\"https:\\\/\\\/digitourism.ch\\\/fr\\\/#\\\/schema\\\/logo\\\/image\\\/\",\"url\":\"\",\"contentUrl\":\"\",\"caption\":\"Digitourism\"},\"image\":{\"@id\":\"https:\\\/\\\/digitourism.ch\\\/fr\\\/#\\\/schema\\\/logo\\\/image\\\/\"}}]}<\/script>\n<!-- \/ Yoast SEO plugin. -->","yoast_head_json":{"title":"Charte de protection des donn\u00e9es &#8211; Digitourism","description":"Toute utilisation du site web et des services propos\u00e9s est soumise \u00e0 l\u2019acceptation pr\u00e9alable des conditions g\u00e9n\u00e9rales.","robots":{"index":"index","follow":"follow","max-snippet":"max-snippet:-1","max-image-preview":"max-image-preview:large","max-video-preview":"max-video-preview:-1"},"canonical":"https:\/\/digitourism.ch\/fr\/charte-de-protection-des-donnees\/","og_locale":"fr_FR","og_type":"article","og_title":"Charte de protection des donn\u00e9es &#8211; Digitourism","og_description":"Toute utilisation du site web et des services propos\u00e9s est soumise \u00e0 l\u2019acceptation pr\u00e9alable des conditions g\u00e9n\u00e9rales.","og_url":"https:\/\/digitourism.ch\/fr\/charte-de-protection-des-donnees\/","og_site_name":"Digitourism","article_modified_time":"2025-06-12T13:22:57+00:00","og_image":[{"width":2190,"height":1460,"url":"https:\/\/digitourism.ch\/wp-content\/uploads\/2021\/01\/MontagneAlternative_12.jpg","type":"image\/jpeg"}],"twitter_card":"summary_large_image","twitter_image":"https:\/\/digitourism.ch\/wp-content\/uploads\/2021\/01\/MontagneAlternative_12.jpg","twitter_misc":{"Dur\u00e9e de lecture estim\u00e9e":"6 minutes"},"schema":{"@context":"https:\/\/schema.org","@graph":[{"@type":"WebPage","@id":"https:\/\/digitourism.ch\/fr\/charte-de-protection-des-donnees\/","url":"https:\/\/digitourism.ch\/fr\/charte-de-protection-des-donnees\/","name":"Charte de protection des donn\u00e9es &#8211; Digitourism","isPartOf":{"@id":"https:\/\/digitourism.ch\/fr\/#website"},"datePublished":"2020-08-18T09:07:19+00:00","dateModified":"2025-06-12T13:22:57+00:00","description":"Toute utilisation du site web et des services propos\u00e9s est soumise \u00e0 l\u2019acceptation pr\u00e9alable des conditions g\u00e9n\u00e9rales.","breadcrumb":{"@id":"https:\/\/digitourism.ch\/fr\/charte-de-protection-des-donnees\/#breadcrumb"},"inLanguage":"fr-FR","potentialAction":[{"@type":"ReadAction","target":["https:\/\/digitourism.ch\/fr\/charte-de-protection-des-donnees\/"]}]},{"@type":"BreadcrumbList","@id":"https:\/\/digitourism.ch\/fr\/charte-de-protection-des-donnees\/#breadcrumb","itemListElement":[{"@type":"ListItem","position":1,"name":"Home","item":"https:\/\/digitourism.ch\/fr\/"},{"@type":"ListItem","position":2,"name":"Charte de protection des donn\u00e9es"}]},{"@type":"WebSite","@id":"https:\/\/digitourism.ch\/fr\/#website","url":"https:\/\/digitourism.ch\/fr\/","name":"Digitourism","description":"Digitalisation du tourisme en Valais","publisher":{"@id":"https:\/\/digitourism.ch\/fr\/#organization"},"potentialAction":[{"@type":"SearchAction","target":{"@type":"EntryPoint","urlTemplate":"https:\/\/digitourism.ch\/fr\/?s={search_term_string}"},"query-input":{"@type":"PropertyValueSpecification","valueRequired":true,"valueName":"search_term_string"}}],"inLanguage":"fr-FR"},{"@type":"Organization","@id":"https:\/\/digitourism.ch\/fr\/#organization","name":"Digitourism","url":"https:\/\/digitourism.ch\/fr\/","logo":{"@type":"ImageObject","inLanguage":"fr-FR","@id":"https:\/\/digitourism.ch\/fr\/#\/schema\/logo\/image\/","url":"","contentUrl":"","caption":"Digitourism"},"image":{"@id":"https:\/\/digitourism.ch\/fr\/#\/schema\/logo\/image\/"}}]}},"_links":{"self":[{"href":"https:\/\/digitourism.ch\/fr\/wp-json\/wp\/v2\/pages\/1679","targetHints":{"allow":["GET"]}}],"collection":[{"href":"https:\/\/digitourism.ch\/fr\/wp-json\/wp\/v2\/pages"}],"about":[{"href":"https:\/\/digitourism.ch\/fr\/wp-json\/wp\/v2\/types\/page"}],"author":[{"embeddable":true,"href":"https:\/\/digitourism.ch\/fr\/wp-json\/wp\/v2\/users\/19"}],"replies":[{"embeddable":true,"href":"https:\/\/digitourism.ch\/fr\/wp-json\/wp\/v2\/comments?post=1679"}],"version-history":[{"count":3,"href":"https:\/\/digitourism.ch\/fr\/wp-json\/wp\/v2\/pages\/1679\/revisions"}],"predecessor-version":[{"id":29173,"href":"https:\/\/digitourism.ch\/fr\/wp-json\/wp\/v2\/pages\/1679\/revisions\/29173"}],"wp:attachment":[{"href":"https:\/\/digitourism.ch\/fr\/wp-json\/wp\/v2\/media?parent=1679"}],"curies":[{"name":"wp","href":"https:\/\/api.w.org\/{rel}","templated":true}]}}