{"id":24931,"date":"2024-01-19T12:00:07","date_gmt":"2024-01-19T11:00:07","guid":{"rendered":"https:\/\/digitourism.ch\/?page_id=24931"},"modified":"2025-09-05T10:27:49","modified_gmt":"2025-09-05T08:27:49","slug":"rencontres-digitourism","status":"publish","type":"page","link":"https:\/\/digitourism.ch\/fr\/rencontres-digitourism\/","title":{"rendered":"Rencontres Digitourism"},"content":{"rendered":"\t\t<div data-elementor-type=\"wp-page\" data-elementor-id=\"24931\" class=\"elementor elementor-24931\" data-elementor-post-type=\"page\">\n\t\t\t\t\t\t<section class=\"elementor-section elementor-top-section elementor-element elementor-element-b6f6b4b elementor-section-boxed elementor-section-height-default elementor-section-height-default\" data-id=\"b6f6b4b\" data-element_type=\"section\" data-e-type=\"section\">\n\t\t\t\t\t\t<div class=\"elementor-container elementor-column-gap-default\">\n\t\t\t\t\t<div class=\"elementor-column elementor-col-100 elementor-top-column elementor-element elementor-element-e9b4e9c\" data-id=\"e9b4e9c\" data-element_type=\"column\" data-e-type=\"column\">\n\t\t\t<div class=\"elementor-widget-wrap elementor-element-populated\">\n\t\t\t\t\t\t<div class=\"elementor-element elementor-element-c8b91ac elementor-widget elementor-widget-text-editor\" data-id=\"c8b91ac\" data-element_type=\"widget\" data-e-type=\"widget\" data-widget_type=\"text-editor.default\">\n\t\t\t\t<div class=\"elementor-widget-container\">\n\t\t\t\t\t\t\t\t\t<p>Les Rencontres Digitourism sont des \u00e9v\u00e8nements r\u00e9guliers qui permettent aux entrepreneurs du tourisme valaisan de se rencontrer autour d\u2019une th\u00e9matique de digitalisation. Il s&rsquo;agit de <b>t\u00e9moignages<\/b> et d&rsquo;<b>\u00e9changes<\/b> entre une entreprise touristique ayant mis en place une solution digitale et l&rsquo;\u00e9diteur de cette m\u00eame solution soutenue par Digitourism.\u00a0Un bon moyen de vous inspirer !<\/p>\t\t\t\t\t\t\t\t<\/div>\n\t\t\t\t<\/div>\n\t\t\t\t\t<\/div>\n\t\t<\/div>\n\t\t\t\t\t<\/div>\n\t\t<\/section>\n\t\t\t\t<section class=\"elementor-section elementor-top-section elementor-element elementor-element-6fdfc98 elementor-section-boxed elementor-section-height-default elementor-section-height-default\" data-id=\"6fdfc98\" data-element_type=\"section\" data-e-type=\"section\">\n\t\t\t\t\t\t<div class=\"elementor-container elementor-column-gap-default\">\n\t\t\t\t\t<div class=\"elementor-column elementor-col-100 elementor-top-column elementor-element elementor-element-75fc712\" data-id=\"75fc712\" data-element_type=\"column\" data-e-type=\"column\">\n\t\t\t<div class=\"elementor-widget-wrap elementor-element-populated\">\n\t\t\t\t\t\t<div class=\"elementor-element elementor-element-1e9ce29 elementor-widget elementor-widget-text-editor\" data-id=\"1e9ce29\" data-element_type=\"widget\" data-e-type=\"widget\" data-widget_type=\"text-editor.default\">\n\t\t\t\t<div class=\"elementor-widget-container\">\n\t\t\t\t\t\t\t\t\t<p><strong>Quelques informations utiles :<\/strong><\/p><ul><li>Les rencontres ont lieu en fin d&rsquo;apr\u00e8s-midi en semaine et sont suivies d&rsquo;un ap\u00e9ritif de r\u00e9seautage.<\/li><li>Elles sont g\u00e9n\u00e9ralement organis\u00e9es au sein m\u00eame d\u2019une entreprise touristique, dans une destination valaisanne<\/li><li>Destin\u00e9es \u00e0 toute entreprise touristique ayant un int\u00e9r\u00eat pour la ou les solution(s) mise(s) en valeur et les acteurs du tourisme valaisan<\/li><li>Ev\u00e8nements gratuits mais sur inscription<\/li><\/ul>\t\t\t\t\t\t\t\t<\/div>\n\t\t\t\t<\/div>\n\t\t\t\t\t<\/div>\n\t\t<\/div>\n\t\t\t\t\t<\/div>\n\t\t<\/section>\n\t\t\t\t<section class=\"elementor-section elementor-top-section elementor-element elementor-element-a9c0cdc elementor-section-boxed elementor-section-height-default elementor-section-height-default\" data-id=\"a9c0cdc\" data-element_type=\"section\" data-e-type=\"section\">\n\t\t\t\t\t\t<div class=\"elementor-container elementor-column-gap-default\">\n\t\t\t\t\t<div class=\"elementor-column elementor-col-100 elementor-top-column elementor-element elementor-element-38b4120\" data-id=\"38b4120\" data-element_type=\"column\" data-e-type=\"column\">\n\t\t\t<div class=\"elementor-widget-wrap elementor-element-populated\">\n\t\t\t\t\t\t<div class=\"elementor-element elementor-element-219ec56 elementor-widget elementor-widget-heading\" data-id=\"219ec56\" data-element_type=\"widget\" data-e-type=\"widget\" data-widget_type=\"heading.default\">\n\t\t\t\t<div class=\"elementor-widget-container\">\n\t\t\t\t\t<h2 class=\"elementor-heading-title elementor-size-default\">Les rencontres\u200b pr\u00e9c\u00e9dentes<\/h2>\t\t\t\t<\/div>\n\t\t\t\t<\/div>\n\t\t\t\t<div class=\"elementor-element elementor-element-745aec6 elementor-widget elementor-widget-spacer\" data-id=\"745aec6\" data-element_type=\"widget\" data-e-type=\"widget\" data-widget_type=\"spacer.default\">\n\t\t\t\t<div class=\"elementor-widget-container\">\n\t\t\t\t\t\t\t<div class=\"elementor-spacer\">\n\t\t\t<div class=\"elementor-spacer-inner\"><\/div>\n\t\t<\/div>\n\t\t\t\t\t\t<\/div>\n\t\t\t\t<\/div>\n\t\t\t\t<div class=\"elementor-element elementor-element-191a0bb elementor--h-position-center elementor--v-position-middle elementor-arrows-position-inside elementor-pagination-position-inside elementor-widget elementor-widget-slides\" data-id=\"191a0bb\" data-element_type=\"widget\" data-e-type=\"widget\" data-settings=\"{&quot;navigation&quot;:&quot;both&quot;,&quot;autoplay&quot;:&quot;yes&quot;,&quot;pause_on_hover&quot;:&quot;yes&quot;,&quot;pause_on_interaction&quot;:&quot;yes&quot;,&quot;autoplay_speed&quot;:5000,&quot;infinite&quot;:&quot;yes&quot;,&quot;transition&quot;:&quot;slide&quot;,&quot;transition_speed&quot;:500}\" data-widget_type=\"slides.default\">\n\t\t\t\t<div class=\"elementor-widget-container\">\n\t\t\t\t\t\t\t\t\t<div class=\"elementor-swiper\">\n\t\t\t\t\t<div class=\"elementor-slides-wrapper elementor-main-swiper swiper\" role=\"region\" aria-roledescription=\"carousel\" aria-label=\"Diapositives\" dir=\"ltr\" data-animation=\"fadeInUp\">\n\t\t\t\t<div class=\"swiper-wrapper elementor-slides\">\n\t\t\t\t\t\t\t\t\t\t<div class=\"elementor-repeater-item-1bf8242 swiper-slide\" role=\"group\" aria-roledescription=\"slide\"><div class=\"swiper-slide-bg\" role=\"img\" aria-label=\"image\"><\/div><a class=\"swiper-slide-inner\" href=\"https:\/\/digitourism.ch\/fr\/les-rencontres-digitourism-parler-gen-z-quest-ce-qui-fonctionne-pour-la-generation-de-demain\/\"><div class=\"swiper-slide-contents\"><div class=\"elementor-slide-heading\">Rencontre ohooo<\/div><div class=\"elementor-slide-description\">Les rencontres Digitourism : Parler Gen Z \u2013 Qu\u2019est-ce qui fonctionne pour la g\u00e9n\u00e9ration de demain ?<\/div><div  class=\"elementor-button elementor-slide-button elementor-size-sm\">Cliquer ici<\/div><\/div><\/a><\/div><div class=\"elementor-repeater-item-6d5fced swiper-slide\" role=\"group\" aria-roledescription=\"slide\"><div class=\"swiper-slide-bg\" role=\"img\" aria-label=\"(MEL) Rencontre Nendaz (1)\"><\/div><a class=\"swiper-slide-inner\" href=\"https:\/\/digitourism.ch\/fr\/les-rencontres-digitourism-decouvrez-la-solution-digitale-roompricegenie\/\"><div class=\"swiper-slide-contents\"><div class=\"elementor-slide-heading\">Rencontre RoomPriceGenie<\/div><div class=\"elementor-slide-description\">D\u00e9couvrez RoomPriceGenie, l'outil d\u00e9di\u00e9 aux h\u00e9bergements et l'optimisation tarifaire de leurs nuit\u00e9es<\/div><div  class=\"elementor-button elementor-slide-button elementor-size-sm\">Cliquer ici<\/div><\/div><\/a><\/div><div class=\"elementor-repeater-item-0fc43ef swiper-slide\" role=\"group\" aria-roledescription=\"slide\"><div class=\"swiper-slide-bg\" role=\"img\" aria-label=\"image remont\u00e9es m\u00e9caniques\"><\/div><a class=\"swiper-slide-inner\" href=\"https:\/\/digitourism.ch\/fr\/les-rencontres-digitourism-gypaete-data-engine\/\"><div class=\"swiper-slide-contents\"><div class=\"elementor-slide-heading\">Rencontre Gypa\u00e8te Data Engine<\/div><div class=\"elementor-slide-description\">D\u00e9couvrez Gypa\u00e8te Data Engine, l\u2019outil d\u00e9di\u00e9 aux remont\u00e9es m\u00e9caniques. <\/div><div  class=\"elementor-button elementor-slide-button elementor-size-sm\">Cliquer ici<\/div><\/div><\/a><\/div>\t\t\t\t<\/div>\n\t\t\t\t\t\t\t\t\t\t\t\t\t\t\t<div class=\"elementor-swiper-button elementor-swiper-button-prev\" role=\"button\" tabindex=\"0\" aria-label=\"Diapositive pr\u00e9c\u00e9dente\">\n\t\t\t\t\t\t\t<svg aria-hidden=\"true\" class=\"e-font-icon-svg e-eicon-chevron-left\" viewBox=\"0 0 1000 1000\" xmlns=\"http:\/\/www.w3.org\/2000\/svg\"><path d=\"M646 125C629 125 613 133 604 142L308 442C296 454 292 471 292 487 292 504 296 521 308 533L604 854C617 867 629 875 646 875 663 875 679 871 692 858 704 846 713 829 713 812 713 796 708 779 692 767L438 487 692 225C700 217 708 204 708 187 708 171 704 154 692 142 675 129 663 125 646 125Z\"><\/path><\/svg>\t\t\t\t\t\t<\/div>\n\t\t\t\t\t\t<div class=\"elementor-swiper-button elementor-swiper-button-next\" role=\"button\" tabindex=\"0\" aria-label=\"Diapositive suivante\">\n\t\t\t\t\t\t\t<svg aria-hidden=\"true\" class=\"e-font-icon-svg e-eicon-chevron-right\" viewBox=\"0 0 1000 1000\" xmlns=\"http:\/\/www.w3.org\/2000\/svg\"><path d=\"M696 533C708 521 713 504 713 487 713 471 708 454 696 446L400 146C388 133 375 125 354 125 338 125 325 129 313 142 300 154 292 171 292 187 292 204 296 221 308 233L563 492 304 771C292 783 288 800 288 817 288 833 296 850 308 863 321 871 338 875 354 875 371 875 388 867 400 854L696 533Z\"><\/path><\/svg>\t\t\t\t\t\t<\/div>\n\t\t\t\t\t\t\t\t\t\t\t\t\t\t\t\t<div class=\"swiper-pagination\"><\/div>\n\t\t\t\t\t\t\t\t\t\t\t\t<\/div>\n\t\t\t\t<\/div>\n\t\t\t\t\t\t\t\t<\/div>\n\t\t\t\t<\/div>\n\t\t\t\t\t<\/div>\n\t\t<\/div>\n\t\t\t\t\t<\/div>\n\t\t<\/section>\n\t\t\t\t<section class=\"elementor-section elementor-top-section elementor-element elementor-element-3c8adec elementor-section-boxed elementor-section-height-default elementor-section-height-default\" data-id=\"3c8adec\" data-element_type=\"section\" data-e-type=\"section\">\n\t\t\t\t\t\t<div class=\"elementor-container elementor-column-gap-default\">\n\t\t\t\t\t<div class=\"elementor-column elementor-col-100 elementor-top-column elementor-element elementor-element-8a43259\" data-id=\"8a43259\" data-element_type=\"column\" data-e-type=\"column\">\n\t\t\t<div class=\"elementor-widget-wrap elementor-element-populated\">\n\t\t\t\t\t\t\t<\/div>\n\t\t<\/div>\n\t\t\t\t\t<\/div>\n\t\t<\/section>\n\t\t\t\t<\/div>\n\t\t","protected":false},"excerpt":{"rendered":"<p>Les Rencontres Digitourism sont des \u00e9v\u00e8nements r\u00e9guliers qui permettent aux entrepreneurs du tourisme valaisan de se rencontrer autour d\u2019une th\u00e9matique de digitalisation. Il s&rsquo;agit de t\u00e9moignages et d&rsquo;\u00e9changes entre une entreprise touristique ayant mis en place une solution digitale et l&rsquo;\u00e9diteur de cette m\u00eame solution soutenue par Digitourism.\u00a0Un bon moyen de vous inspirer ! Quelques [&hellip;]<\/p>\n","protected":false},"author":17,"featured_media":24935,"parent":0,"menu_order":0,"comment_status":"closed","ping_status":"closed","template":"","meta":{"_acf_changed":false,"footnotes":""},"class_list":["post-24931","page","type-page","status-publish","has-post-thumbnail","hentry"],"acf":[],"yoast_head":"<!-- This site is optimized with the Yoast SEO plugin v27.4 - https:\/\/yoast.com\/product\/yoast-seo-wordpress\/ -->\n<title>Rencontres Digitourism &#8211; Digitourism<\/title>\n<meta name=\"description\" content=\"Ces \u00e9v\u00e9nements r\u00e9guliers permettent aux entrepreneurs du tourisme valaisan de se rencontrer autour d\u2019une th\u00e9matique de digitalisation.\" \/>\n<meta name=\"robots\" content=\"index, follow, max-snippet:-1, max-image-preview:large, max-video-preview:-1\" \/>\n<link rel=\"canonical\" href=\"https:\/\/digitourism.ch\/fr\/rencontres-digitourism\/\" \/>\n<meta property=\"og:locale\" content=\"fr_FR\" \/>\n<meta property=\"og:type\" content=\"article\" \/>\n<meta property=\"og:title\" content=\"Rencontres Digitourism &#8211; Digitourism\" \/>\n<meta property=\"og:description\" content=\"Ces \u00e9v\u00e9nements r\u00e9guliers permettent aux entrepreneurs du tourisme valaisan de se rencontrer autour d\u2019une th\u00e9matique de digitalisation.\" \/>\n<meta property=\"og:url\" content=\"https:\/\/digitourism.ch\/fr\/rencontres-digitourism\/\" \/>\n<meta property=\"og:site_name\" content=\"Digitourism\" \/>\n<meta property=\"article:modified_time\" content=\"2025-09-05T08:27:49+00:00\" \/>\n<meta property=\"og:image\" content=\"https:\/\/digitourism.ch\/wp-content\/uploads\/2024\/01\/DSC02066-scaled.jpg\" \/>\n\t<meta property=\"og:image:width\" content=\"2560\" \/>\n\t<meta property=\"og:image:height\" content=\"1707\" \/>\n\t<meta property=\"og:image:type\" content=\"image\/jpeg\" \/>\n<meta name=\"twitter:card\" content=\"summary_large_image\" \/>\n<meta name=\"twitter:label1\" content=\"Dur\u00e9e de lecture estim\u00e9e\" \/>\n\t<meta name=\"twitter:data1\" content=\"2 minutes\" \/>\n<script type=\"application\/ld+json\" class=\"yoast-schema-graph\">{\"@context\":\"https:\\\/\\\/schema.org\",\"@graph\":[{\"@type\":\"WebPage\",\"@id\":\"https:\\\/\\\/digitourism.ch\\\/fr\\\/rencontres-digitourism\\\/\",\"url\":\"https:\\\/\\\/digitourism.ch\\\/fr\\\/rencontres-digitourism\\\/\",\"name\":\"Rencontres Digitourism &#8211; Digitourism\",\"isPartOf\":{\"@id\":\"https:\\\/\\\/digitourism.ch\\\/fr\\\/#website\"},\"primaryImageOfPage\":{\"@id\":\"https:\\\/\\\/digitourism.ch\\\/fr\\\/rencontres-digitourism\\\/#primaryimage\"},\"image\":{\"@id\":\"https:\\\/\\\/digitourism.ch\\\/fr\\\/rencontres-digitourism\\\/#primaryimage\"},\"thumbnailUrl\":\"https:\\\/\\\/digitourism.ch\\\/wp-content\\\/uploads\\\/2024\\\/01\\\/DSC02066-scaled.jpg\",\"datePublished\":\"2024-01-19T11:00:07+00:00\",\"dateModified\":\"2025-09-05T08:27:49+00:00\",\"description\":\"Ces \u00e9v\u00e9nements r\u00e9guliers permettent aux entrepreneurs du tourisme valaisan de se rencontrer autour d\u2019une th\u00e9matique de digitalisation.\",\"breadcrumb\":{\"@id\":\"https:\\\/\\\/digitourism.ch\\\/fr\\\/rencontres-digitourism\\\/#breadcrumb\"},\"inLanguage\":\"fr-FR\",\"potentialAction\":[{\"@type\":\"ReadAction\",\"target\":[\"https:\\\/\\\/digitourism.ch\\\/fr\\\/rencontres-digitourism\\\/\"]}]},{\"@type\":\"ImageObject\",\"inLanguage\":\"fr-FR\",\"@id\":\"https:\\\/\\\/digitourism.ch\\\/fr\\\/rencontres-digitourism\\\/#primaryimage\",\"url\":\"https:\\\/\\\/digitourism.ch\\\/wp-content\\\/uploads\\\/2024\\\/01\\\/DSC02066-scaled.jpg\",\"contentUrl\":\"https:\\\/\\\/digitourism.ch\\\/wp-content\\\/uploads\\\/2024\\\/01\\\/DSC02066-scaled.jpg\",\"width\":2560,\"height\":1707},{\"@type\":\"BreadcrumbList\",\"@id\":\"https:\\\/\\\/digitourism.ch\\\/fr\\\/rencontres-digitourism\\\/#breadcrumb\",\"itemListElement\":[{\"@type\":\"ListItem\",\"position\":1,\"name\":\"Home\",\"item\":\"https:\\\/\\\/digitourism.ch\\\/fr\\\/accueil\\\/\"},{\"@type\":\"ListItem\",\"position\":2,\"name\":\"Rencontres Digitourism\"}]},{\"@type\":\"WebSite\",\"@id\":\"https:\\\/\\\/digitourism.ch\\\/fr\\\/#website\",\"url\":\"https:\\\/\\\/digitourism.ch\\\/fr\\\/\",\"name\":\"Digitourism\",\"description\":\"Digitalisation du tourisme en Valais\",\"publisher\":{\"@id\":\"https:\\\/\\\/digitourism.ch\\\/fr\\\/#organization\"},\"potentialAction\":[{\"@type\":\"SearchAction\",\"target\":{\"@type\":\"EntryPoint\",\"urlTemplate\":\"https:\\\/\\\/digitourism.ch\\\/fr\\\/?s={search_term_string}\"},\"query-input\":{\"@type\":\"PropertyValueSpecification\",\"valueRequired\":true,\"valueName\":\"search_term_string\"}}],\"inLanguage\":\"fr-FR\"},{\"@type\":\"Organization\",\"@id\":\"https:\\\/\\\/digitourism.ch\\\/fr\\\/#organization\",\"name\":\"Digitourism\",\"url\":\"https:\\\/\\\/digitourism.ch\\\/fr\\\/\",\"logo\":{\"@type\":\"ImageObject\",\"inLanguage\":\"fr-FR\",\"@id\":\"https:\\\/\\\/digitourism.ch\\\/fr\\\/#\\\/schema\\\/logo\\\/image\\\/\",\"url\":\"\",\"contentUrl\":\"\",\"caption\":\"Digitourism\"},\"image\":{\"@id\":\"https:\\\/\\\/digitourism.ch\\\/fr\\\/#\\\/schema\\\/logo\\\/image\\\/\"}}]}<\/script>\n<!-- \/ Yoast SEO plugin. -->","yoast_head_json":{"title":"Rencontres Digitourism &#8211; Digitourism","description":"Ces \u00e9v\u00e9nements r\u00e9guliers permettent aux entrepreneurs du tourisme valaisan de se rencontrer autour d\u2019une th\u00e9matique de digitalisation.","robots":{"index":"index","follow":"follow","max-snippet":"max-snippet:-1","max-image-preview":"max-image-preview:large","max-video-preview":"max-video-preview:-1"},"canonical":"https:\/\/digitourism.ch\/fr\/rencontres-digitourism\/","og_locale":"fr_FR","og_type":"article","og_title":"Rencontres Digitourism &#8211; Digitourism","og_description":"Ces \u00e9v\u00e9nements r\u00e9guliers permettent aux entrepreneurs du tourisme valaisan de se rencontrer autour d\u2019une th\u00e9matique de digitalisation.","og_url":"https:\/\/digitourism.ch\/fr\/rencontres-digitourism\/","og_site_name":"Digitourism","article_modified_time":"2025-09-05T08:27:49+00:00","og_image":[{"width":2560,"height":1707,"url":"https:\/\/digitourism.ch\/wp-content\/uploads\/2024\/01\/DSC02066-scaled.jpg","type":"image\/jpeg"}],"twitter_card":"summary_large_image","twitter_misc":{"Dur\u00e9e de lecture estim\u00e9e":"2 minutes"},"schema":{"@context":"https:\/\/schema.org","@graph":[{"@type":"WebPage","@id":"https:\/\/digitourism.ch\/fr\/rencontres-digitourism\/","url":"https:\/\/digitourism.ch\/fr\/rencontres-digitourism\/","name":"Rencontres Digitourism &#8211; Digitourism","isPartOf":{"@id":"https:\/\/digitourism.ch\/fr\/#website"},"primaryImageOfPage":{"@id":"https:\/\/digitourism.ch\/fr\/rencontres-digitourism\/#primaryimage"},"image":{"@id":"https:\/\/digitourism.ch\/fr\/rencontres-digitourism\/#primaryimage"},"thumbnailUrl":"https:\/\/digitourism.ch\/wp-content\/uploads\/2024\/01\/DSC02066-scaled.jpg","datePublished":"2024-01-19T11:00:07+00:00","dateModified":"2025-09-05T08:27:49+00:00","description":"Ces \u00e9v\u00e9nements r\u00e9guliers permettent aux entrepreneurs du tourisme valaisan de se rencontrer autour d\u2019une th\u00e9matique de digitalisation.","breadcrumb":{"@id":"https:\/\/digitourism.ch\/fr\/rencontres-digitourism\/#breadcrumb"},"inLanguage":"fr-FR","potentialAction":[{"@type":"ReadAction","target":["https:\/\/digitourism.ch\/fr\/rencontres-digitourism\/"]}]},{"@type":"ImageObject","inLanguage":"fr-FR","@id":"https:\/\/digitourism.ch\/fr\/rencontres-digitourism\/#primaryimage","url":"https:\/\/digitourism.ch\/wp-content\/uploads\/2024\/01\/DSC02066-scaled.jpg","contentUrl":"https:\/\/digitourism.ch\/wp-content\/uploads\/2024\/01\/DSC02066-scaled.jpg","width":2560,"height":1707},{"@type":"BreadcrumbList","@id":"https:\/\/digitourism.ch\/fr\/rencontres-digitourism\/#breadcrumb","itemListElement":[{"@type":"ListItem","position":1,"name":"Home","item":"https:\/\/digitourism.ch\/fr\/accueil\/"},{"@type":"ListItem","position":2,"name":"Rencontres Digitourism"}]},{"@type":"WebSite","@id":"https:\/\/digitourism.ch\/fr\/#website","url":"https:\/\/digitourism.ch\/fr\/","name":"Digitourism","description":"Digitalisation du tourisme en Valais","publisher":{"@id":"https:\/\/digitourism.ch\/fr\/#organization"},"potentialAction":[{"@type":"SearchAction","target":{"@type":"EntryPoint","urlTemplate":"https:\/\/digitourism.ch\/fr\/?s={search_term_string}"},"query-input":{"@type":"PropertyValueSpecification","valueRequired":true,"valueName":"search_term_string"}}],"inLanguage":"fr-FR"},{"@type":"Organization","@id":"https:\/\/digitourism.ch\/fr\/#organization","name":"Digitourism","url":"https:\/\/digitourism.ch\/fr\/","logo":{"@type":"ImageObject","inLanguage":"fr-FR","@id":"https:\/\/digitourism.ch\/fr\/#\/schema\/logo\/image\/","url":"","contentUrl":"","caption":"Digitourism"},"image":{"@id":"https:\/\/digitourism.ch\/fr\/#\/schema\/logo\/image\/"}}]}},"_links":{"self":[{"href":"https:\/\/digitourism.ch\/fr\/wp-json\/wp\/v2\/pages\/24931","targetHints":{"allow":["GET"]}}],"collection":[{"href":"https:\/\/digitourism.ch\/fr\/wp-json\/wp\/v2\/pages"}],"about":[{"href":"https:\/\/digitourism.ch\/fr\/wp-json\/wp\/v2\/types\/page"}],"author":[{"embeddable":true,"href":"https:\/\/digitourism.ch\/fr\/wp-json\/wp\/v2\/users\/17"}],"replies":[{"embeddable":true,"href":"https:\/\/digitourism.ch\/fr\/wp-json\/wp\/v2\/comments?post=24931"}],"version-history":[{"count":32,"href":"https:\/\/digitourism.ch\/fr\/wp-json\/wp\/v2\/pages\/24931\/revisions"}],"predecessor-version":[{"id":29602,"href":"https:\/\/digitourism.ch\/fr\/wp-json\/wp\/v2\/pages\/24931\/revisions\/29602"}],"wp:featuredmedia":[{"embeddable":true,"href":"https:\/\/digitourism.ch\/fr\/wp-json\/wp\/v2\/media\/24935"}],"wp:attachment":[{"href":"https:\/\/digitourism.ch\/fr\/wp-json\/wp\/v2\/media?parent=24931"}],"curies":[{"name":"wp","href":"https:\/\/api.w.org\/{rel}","templated":true}]}}