{"id":8691,"date":"2021-07-06T14:48:13","date_gmt":"2021-07-06T12:48:13","guid":{"rendered":"https:\/\/digitourism.ch\/?page_id=8691"},"modified":"2023-07-13T15:42:09","modified_gmt":"2023-07-13T13:42:09","slug":"specialistes-valaisans-du-digital","status":"publish","type":"page","link":"https:\/\/digitourism.ch\/fr\/specialistes-valaisans-du-digital\/","title":{"rendered":"Sp\u00e9cialistes valaisans du digital"},"content":{"rendered":"\t\t<div data-elementor-type=\"wp-page\" data-elementor-id=\"8691\" class=\"elementor elementor-8691\" data-elementor-post-type=\"page\">\n\t\t\t\t\t\t<section class=\"elementor-section elementor-top-section elementor-element elementor-element-6715729 elementor-section-boxed elementor-section-height-default elementor-section-height-default\" data-id=\"6715729\" data-element_type=\"section\" data-e-type=\"section\">\n\t\t\t\t\t\t<div class=\"elementor-container elementor-column-gap-default\">\n\t\t\t\t\t<div class=\"elementor-column elementor-col-100 elementor-top-column elementor-element elementor-element-6feda5d\" data-id=\"6feda5d\" data-element_type=\"column\" data-e-type=\"column\">\n\t\t\t<div class=\"elementor-widget-wrap elementor-element-populated\">\n\t\t\t\t\t\t<div class=\"elementor-element elementor-element-e98227e elementor-widget elementor-widget-spacer\" data-id=\"e98227e\" data-element_type=\"widget\" data-e-type=\"widget\" data-widget_type=\"spacer.default\">\n\t\t\t\t<div class=\"elementor-widget-container\">\n\t\t\t\t\t\t\t<div class=\"elementor-spacer\">\n\t\t\t<div class=\"elementor-spacer-inner\"><\/div>\n\t\t<\/div>\n\t\t\t\t\t\t<\/div>\n\t\t\t\t<\/div>\n\t\t\t\t\t<\/div>\n\t\t<\/div>\n\t\t\t\t\t<\/div>\n\t\t<\/section>\n\t\t\t\t<section class=\"elementor-section elementor-top-section elementor-element elementor-element-88c4d62 elementor-section-boxed elementor-section-height-default elementor-section-height-default\" data-id=\"88c4d62\" data-element_type=\"section\" data-e-type=\"section\">\n\t\t\t\t\t\t<div class=\"elementor-container elementor-column-gap-default\">\n\t\t\t\t\t<div class=\"elementor-column elementor-col-100 elementor-top-column elementor-element elementor-element-3139f8a\" data-id=\"3139f8a\" data-element_type=\"column\" data-e-type=\"column\">\n\t\t\t<div class=\"elementor-widget-wrap elementor-element-populated\">\n\t\t\t\t\t\t<div class=\"elementor-element elementor-element-0f82279 elementor-widget elementor-widget-text-editor\" data-id=\"0f82279\" data-element_type=\"widget\" data-e-type=\"widget\" data-widget_type=\"text-editor.default\">\n\t\t\t\t<div class=\"elementor-widget-container\">\n\t\t\t\t\t\t\t\t\t<p>Les sp\u00e9cialistes valaisans du digital sont des entreprises actives dans le marketing digital et peuvent \u00eatre sp\u00e9cialis\u00e9es dans diff\u00e9rentes disciplines : la <b>cr\u00e9ation de site web<\/b>, le <b>d\u00e9veloppement web et mobile<\/b>, le <b>r\u00e9f\u00e9rencement<\/b>, la <b>publicit\u00e9 en ligne<\/b>, le <b>conseil en strat\u00e9gie digital<\/b>, le <b>copywriting<\/b>, la <b>conception identit\u00e9 graphique et visuelle<\/b>, la <b>vid\u00e9o marketing<\/b> et les <b>r\u00e9seaux sociaux<\/b>.<\/p>\n<p>Toutes les entreprises pr\u00e9sentes dans la liste ci-dessous ont \u00e9t\u00e9 pr\u00e9alablement accr\u00e9dit\u00e9es par Digitourism. Elles sont toutes dispos\u00e9es \u00e0 accompagner les entreprises touristiques valaisannes dans la r\u00e9alisation de projets.<\/p>\n<p><\/p>\t\t\t\t\t\t\t\t<\/div>\n\t\t\t\t<\/div>\n\t\t\t\t<div class=\"elementor-element elementor-element-4d90c38 elementor-widget elementor-widget-shortcode\" data-id=\"4d90c38\" data-element_type=\"widget\" data-e-type=\"widget\" data-widget_type=\"shortcode.default\">\n\t\t\t\t<div class=\"elementor-widget-container\">\n\t\t\t\t\t\t\t<div class=\"elementor-shortcode\">[friCompanyIndexer selected-types=\"Entreprise accr\u00e9dit\u00e9e Digitourism\"]<\/div>\n\t\t\t\t\t\t<\/div>\n\t\t\t\t<\/div>\n\t\t\t\t\t<\/div>\n\t\t<\/div>\n\t\t\t\t\t<\/div>\n\t\t<\/section>\n\t\t\t\t<\/div>\n\t\t","protected":false},"excerpt":{"rendered":"<p>Les sp\u00e9cialistes valaisans du digital sont des entreprises actives dans le marketing digital et peuvent \u00eatre sp\u00e9cialis\u00e9es dans diff\u00e9rentes disciplines : la cr\u00e9ation de site web, le d\u00e9veloppement web et mobile, le r\u00e9f\u00e9rencement, la publicit\u00e9 en ligne, le conseil en strat\u00e9gie digital, le copywriting, la conception identit\u00e9 graphique et visuelle, la vid\u00e9o marketing et les [&hellip;]<\/p>\n","protected":false},"author":4,"featured_media":14599,"parent":0,"menu_order":0,"comment_status":"closed","ping_status":"closed","template":"","meta":{"_acf_changed":false,"footnotes":""},"class_list":["post-8691","page","type-page","status-publish","has-post-thumbnail","hentry"],"acf":[],"yoast_head":"<!-- This site is optimized with the Yoast SEO plugin v27.4 - https:\/\/yoast.com\/product\/yoast-seo-wordpress\/ -->\n<title>Sp\u00e9cialistes valaisans du digital &#8211; Digitourism<\/title>\n<meta name=\"description\" content=\"Les sp\u00e9cialistes du digital sont des entreprises actives dans le marketing digital et peuvent \u00eatre sp\u00e9cialis\u00e9es dans diff\u00e9rentes disciplines.\" \/>\n<meta name=\"robots\" content=\"noindex, nofollow\" \/>\n<meta property=\"og:locale\" content=\"fr_FR\" \/>\n<meta property=\"og:type\" content=\"article\" \/>\n<meta property=\"og:title\" content=\"Sp\u00e9cialistes valaisans du digital &#8211; Digitourism\" \/>\n<meta property=\"og:description\" content=\"Les sp\u00e9cialistes du digital sont des entreprises actives dans le marketing digital et peuvent \u00eatre sp\u00e9cialis\u00e9es dans diff\u00e9rentes disciplines.\" \/>\n<meta property=\"og:url\" content=\"https:\/\/digitourism.ch\/fr\/specialistes-valaisans-du-digital\/\" \/>\n<meta property=\"og:site_name\" content=\"Digitourism\" \/>\n<meta property=\"article:modified_time\" content=\"2023-07-13T13:42:09+00:00\" \/>\n<meta property=\"og:image\" content=\"https:\/\/digitourism.ch\/wp-content\/uploads\/2022\/03\/digitourism-ecosysteme-laptop.jpg\" \/>\n\t<meta property=\"og:image:width\" content=\"2190\" \/>\n\t<meta property=\"og:image:height\" content=\"1509\" \/>\n\t<meta property=\"og:image:type\" content=\"image\/jpeg\" \/>\n<meta name=\"twitter:card\" content=\"summary_large_image\" \/>\n<meta name=\"twitter:label1\" content=\"Dur\u00e9e de lecture estim\u00e9e\" \/>\n\t<meta name=\"twitter:data1\" content=\"1 minute\" \/>\n<script type=\"application\/ld+json\" class=\"yoast-schema-graph\">{\"@context\":\"https:\\\/\\\/schema.org\",\"@graph\":[{\"@type\":\"WebPage\",\"@id\":\"https:\\\/\\\/digitourism.ch\\\/fr\\\/specialistes-valaisans-du-digital\\\/\",\"url\":\"https:\\\/\\\/digitourism.ch\\\/fr\\\/specialistes-valaisans-du-digital\\\/\",\"name\":\"Sp\u00e9cialistes valaisans du digital &#8211; Digitourism\",\"isPartOf\":{\"@id\":\"https:\\\/\\\/digitourism.ch\\\/fr\\\/#website\"},\"primaryImageOfPage\":{\"@id\":\"https:\\\/\\\/digitourism.ch\\\/fr\\\/specialistes-valaisans-du-digital\\\/#primaryimage\"},\"image\":{\"@id\":\"https:\\\/\\\/digitourism.ch\\\/fr\\\/specialistes-valaisans-du-digital\\\/#primaryimage\"},\"thumbnailUrl\":\"https:\\\/\\\/digitourism.ch\\\/wp-content\\\/uploads\\\/2022\\\/03\\\/digitourism-ecosysteme-laptop.jpg\",\"datePublished\":\"2021-07-06T12:48:13+00:00\",\"dateModified\":\"2023-07-13T13:42:09+00:00\",\"description\":\"Les sp\u00e9cialistes du digital sont des entreprises actives dans le marketing digital et peuvent \u00eatre sp\u00e9cialis\u00e9es dans diff\u00e9rentes disciplines.\",\"breadcrumb\":{\"@id\":\"https:\\\/\\\/digitourism.ch\\\/fr\\\/specialistes-valaisans-du-digital\\\/#breadcrumb\"},\"inLanguage\":\"fr-FR\",\"potentialAction\":[{\"@type\":\"ReadAction\",\"target\":[\"https:\\\/\\\/digitourism.ch\\\/fr\\\/specialistes-valaisans-du-digital\\\/\"]}]},{\"@type\":\"ImageObject\",\"inLanguage\":\"fr-FR\",\"@id\":\"https:\\\/\\\/digitourism.ch\\\/fr\\\/specialistes-valaisans-du-digital\\\/#primaryimage\",\"url\":\"https:\\\/\\\/digitourism.ch\\\/wp-content\\\/uploads\\\/2022\\\/03\\\/digitourism-ecosysteme-laptop.jpg\",\"contentUrl\":\"https:\\\/\\\/digitourism.ch\\\/wp-content\\\/uploads\\\/2022\\\/03\\\/digitourism-ecosysteme-laptop.jpg\",\"width\":2190,\"height\":1509},{\"@type\":\"BreadcrumbList\",\"@id\":\"https:\\\/\\\/digitourism.ch\\\/fr\\\/specialistes-valaisans-du-digital\\\/#breadcrumb\",\"itemListElement\":[{\"@type\":\"ListItem\",\"position\":1,\"name\":\"Home\",\"item\":\"https:\\\/\\\/digitourism.ch\\\/fr\\\/accueil\\\/\"},{\"@type\":\"ListItem\",\"position\":2,\"name\":\"Sp\u00e9cialistes valaisans du digital\"}]},{\"@type\":\"WebSite\",\"@id\":\"https:\\\/\\\/digitourism.ch\\\/fr\\\/#website\",\"url\":\"https:\\\/\\\/digitourism.ch\\\/fr\\\/\",\"name\":\"Digitourism\",\"description\":\"Digitalisation du tourisme en Valais\",\"publisher\":{\"@id\":\"https:\\\/\\\/digitourism.ch\\\/fr\\\/#organization\"},\"potentialAction\":[{\"@type\":\"SearchAction\",\"target\":{\"@type\":\"EntryPoint\",\"urlTemplate\":\"https:\\\/\\\/digitourism.ch\\\/fr\\\/?s={search_term_string}\"},\"query-input\":{\"@type\":\"PropertyValueSpecification\",\"valueRequired\":true,\"valueName\":\"search_term_string\"}}],\"inLanguage\":\"fr-FR\"},{\"@type\":\"Organization\",\"@id\":\"https:\\\/\\\/digitourism.ch\\\/fr\\\/#organization\",\"name\":\"Digitourism\",\"url\":\"https:\\\/\\\/digitourism.ch\\\/fr\\\/\",\"logo\":{\"@type\":\"ImageObject\",\"inLanguage\":\"fr-FR\",\"@id\":\"https:\\\/\\\/digitourism.ch\\\/fr\\\/#\\\/schema\\\/logo\\\/image\\\/\",\"url\":\"\",\"contentUrl\":\"\",\"caption\":\"Digitourism\"},\"image\":{\"@id\":\"https:\\\/\\\/digitourism.ch\\\/fr\\\/#\\\/schema\\\/logo\\\/image\\\/\"}}]}<\/script>\n<!-- \/ Yoast SEO plugin. -->","yoast_head_json":{"title":"Sp\u00e9cialistes valaisans du digital &#8211; Digitourism","description":"Les sp\u00e9cialistes du digital sont des entreprises actives dans le marketing digital et peuvent \u00eatre sp\u00e9cialis\u00e9es dans diff\u00e9rentes disciplines.","robots":{"index":"noindex","follow":"nofollow"},"og_locale":"fr_FR","og_type":"article","og_title":"Sp\u00e9cialistes valaisans du digital &#8211; Digitourism","og_description":"Les sp\u00e9cialistes du digital sont des entreprises actives dans le marketing digital et peuvent \u00eatre sp\u00e9cialis\u00e9es dans diff\u00e9rentes disciplines.","og_url":"https:\/\/digitourism.ch\/fr\/specialistes-valaisans-du-digital\/","og_site_name":"Digitourism","article_modified_time":"2023-07-13T13:42:09+00:00","og_image":[{"width":2190,"height":1509,"url":"https:\/\/digitourism.ch\/wp-content\/uploads\/2022\/03\/digitourism-ecosysteme-laptop.jpg","type":"image\/jpeg"}],"twitter_card":"summary_large_image","twitter_misc":{"Dur\u00e9e de lecture estim\u00e9e":"1 minute"},"schema":{"@context":"https:\/\/schema.org","@graph":[{"@type":"WebPage","@id":"https:\/\/digitourism.ch\/fr\/specialistes-valaisans-du-digital\/","url":"https:\/\/digitourism.ch\/fr\/specialistes-valaisans-du-digital\/","name":"Sp\u00e9cialistes valaisans du digital &#8211; Digitourism","isPartOf":{"@id":"https:\/\/digitourism.ch\/fr\/#website"},"primaryImageOfPage":{"@id":"https:\/\/digitourism.ch\/fr\/specialistes-valaisans-du-digital\/#primaryimage"},"image":{"@id":"https:\/\/digitourism.ch\/fr\/specialistes-valaisans-du-digital\/#primaryimage"},"thumbnailUrl":"https:\/\/digitourism.ch\/wp-content\/uploads\/2022\/03\/digitourism-ecosysteme-laptop.jpg","datePublished":"2021-07-06T12:48:13+00:00","dateModified":"2023-07-13T13:42:09+00:00","description":"Les sp\u00e9cialistes du digital sont des entreprises actives dans le marketing digital et peuvent \u00eatre sp\u00e9cialis\u00e9es dans diff\u00e9rentes disciplines.","breadcrumb":{"@id":"https:\/\/digitourism.ch\/fr\/specialistes-valaisans-du-digital\/#breadcrumb"},"inLanguage":"fr-FR","potentialAction":[{"@type":"ReadAction","target":["https:\/\/digitourism.ch\/fr\/specialistes-valaisans-du-digital\/"]}]},{"@type":"ImageObject","inLanguage":"fr-FR","@id":"https:\/\/digitourism.ch\/fr\/specialistes-valaisans-du-digital\/#primaryimage","url":"https:\/\/digitourism.ch\/wp-content\/uploads\/2022\/03\/digitourism-ecosysteme-laptop.jpg","contentUrl":"https:\/\/digitourism.ch\/wp-content\/uploads\/2022\/03\/digitourism-ecosysteme-laptop.jpg","width":2190,"height":1509},{"@type":"BreadcrumbList","@id":"https:\/\/digitourism.ch\/fr\/specialistes-valaisans-du-digital\/#breadcrumb","itemListElement":[{"@type":"ListItem","position":1,"name":"Home","item":"https:\/\/digitourism.ch\/fr\/accueil\/"},{"@type":"ListItem","position":2,"name":"Sp\u00e9cialistes valaisans du digital"}]},{"@type":"WebSite","@id":"https:\/\/digitourism.ch\/fr\/#website","url":"https:\/\/digitourism.ch\/fr\/","name":"Digitourism","description":"Digitalisation du tourisme en Valais","publisher":{"@id":"https:\/\/digitourism.ch\/fr\/#organization"},"potentialAction":[{"@type":"SearchAction","target":{"@type":"EntryPoint","urlTemplate":"https:\/\/digitourism.ch\/fr\/?s={search_term_string}"},"query-input":{"@type":"PropertyValueSpecification","valueRequired":true,"valueName":"search_term_string"}}],"inLanguage":"fr-FR"},{"@type":"Organization","@id":"https:\/\/digitourism.ch\/fr\/#organization","name":"Digitourism","url":"https:\/\/digitourism.ch\/fr\/","logo":{"@type":"ImageObject","inLanguage":"fr-FR","@id":"https:\/\/digitourism.ch\/fr\/#\/schema\/logo\/image\/","url":"","contentUrl":"","caption":"Digitourism"},"image":{"@id":"https:\/\/digitourism.ch\/fr\/#\/schema\/logo\/image\/"}}]}},"_links":{"self":[{"href":"https:\/\/digitourism.ch\/fr\/wp-json\/wp\/v2\/pages\/8691","targetHints":{"allow":["GET"]}}],"collection":[{"href":"https:\/\/digitourism.ch\/fr\/wp-json\/wp\/v2\/pages"}],"about":[{"href":"https:\/\/digitourism.ch\/fr\/wp-json\/wp\/v2\/types\/page"}],"author":[{"embeddable":true,"href":"https:\/\/digitourism.ch\/fr\/wp-json\/wp\/v2\/users\/4"}],"replies":[{"embeddable":true,"href":"https:\/\/digitourism.ch\/fr\/wp-json\/wp\/v2\/comments?post=8691"}],"version-history":[{"count":3,"href":"https:\/\/digitourism.ch\/fr\/wp-json\/wp\/v2\/pages\/8691\/revisions"}],"predecessor-version":[{"id":22320,"href":"https:\/\/digitourism.ch\/fr\/wp-json\/wp\/v2\/pages\/8691\/revisions\/22320"}],"wp:featuredmedia":[{"embeddable":true,"href":"https:\/\/digitourism.ch\/fr\/wp-json\/wp\/v2\/media\/14599"}],"wp:attachment":[{"href":"https:\/\/digitourism.ch\/fr\/wp-json\/wp\/v2\/media?parent=8691"}],"curies":[{"name":"wp","href":"https:\/\/api.w.org\/{rel}","templated":true}]}}