{"id":9756,"date":"2021-09-07T21:39:46","date_gmt":"2021-09-07T19:39:46","guid":{"rendered":"https:\/\/digitourism.ch\/?page_id=9756"},"modified":"2026-04-15T15:31:35","modified_gmt":"2026-04-15T13:31:35","slug":"formulaire-inscription-digitourism","status":"publish","type":"page","link":"https:\/\/digitourism.ch\/fr\/formulaire-inscription-digitourism\/","title":{"rendered":"Webinaire : inscriptions"},"content":{"rendered":"\t\t<div data-elementor-type=\"wp-page\" data-elementor-id=\"9756\" class=\"elementor elementor-9756\" data-elementor-post-type=\"page\">\n\t\t\t\t<div class=\"elementor-element elementor-element-f6067e0 e-flex e-con-boxed e-con e-parent\" data-id=\"f6067e0\" data-element_type=\"container\" data-e-type=\"container\">\n\t\t\t\t\t<div class=\"e-con-inner\">\n\t\t\t\t<div class=\"elementor-element elementor-element-c659ca7 elementor-widget elementor-widget-shortcode\" data-id=\"c659ca7\" data-element_type=\"widget\" data-e-type=\"widget\" data-widget_type=\"shortcode.default\">\n\t\t\t\t<div class=\"elementor-widget-container\">\n\t\t\t\t\t\t\t<div class=\"elementor-shortcode\"><script type=\"text\/javascript\">\n\/* <![CDATA[ *\/\nvar gform;gform||(document.addEventListener(\"gform_main_scripts_loaded\",function(){gform.scriptsLoaded=!0}),document.addEventListener(\"gform\/theme\/scripts_loaded\",function(){gform.themeScriptsLoaded=!0}),window.addEventListener(\"DOMContentLoaded\",function(){gform.domLoaded=!0}),gform={domLoaded:!1,scriptsLoaded:!1,themeScriptsLoaded:!1,isFormEditor:()=>\"function\"==typeof InitializeEditor,callIfLoaded:function(o){return!(!gform.domLoaded||!gform.scriptsLoaded||!gform.themeScriptsLoaded&&!gform.isFormEditor()||(gform.isFormEditor()&&console.warn(\"The use of gform.initializeOnLoaded() is deprecated in the form editor context and will be removed in Gravity Forms 3.1.\"),o(),0))},initializeOnLoaded:function(o){gform.callIfLoaded(o)||(document.addEventListener(\"gform_main_scripts_loaded\",()=>{gform.scriptsLoaded=!0,gform.callIfLoaded(o)}),document.addEventListener(\"gform\/theme\/scripts_loaded\",()=>{gform.themeScriptsLoaded=!0,gform.callIfLoaded(o)}),window.addEventListener(\"DOMContentLoaded\",()=>{gform.domLoaded=!0,gform.callIfLoaded(o)}))},hooks:{action:{},filter:{}},addAction:function(o,r,e,t){gform.addHook(\"action\",o,r,e,t)},addFilter:function(o,r,e,t){gform.addHook(\"filter\",o,r,e,t)},doAction:function(o){gform.doHook(\"action\",o,arguments)},applyFilters:function(o){return gform.doHook(\"filter\",o,arguments)},removeAction:function(o,r){gform.removeHook(\"action\",o,r)},removeFilter:function(o,r,e){gform.removeHook(\"filter\",o,r,e)},addHook:function(o,r,e,t,n){null==gform.hooks[o][r]&&(gform.hooks[o][r]=[]);var d=gform.hooks[o][r];null==n&&(n=r+\"_\"+d.length),gform.hooks[o][r].push({tag:n,callable:e,priority:t=null==t?10:t})},doHook:function(r,o,e){var t;if(e=Array.prototype.slice.call(e,1),null!=gform.hooks[r][o]&&((o=gform.hooks[r][o]).sort(function(o,r){return o.priority-r.priority}),o.forEach(function(o){\"function\"!=typeof(t=o.callable)&&(t=window[t]),\"action\"==r?t.apply(null,e):e[0]=t.apply(null,e)})),\"filter\"==r)return e[0]},removeHook:function(o,r,t,n){var e;null!=gform.hooks[o][r]&&(e=(e=gform.hooks[o][r]).filter(function(o,r,e){return!!(null!=n&&n!=o.tag||null!=t&&t!=o.priority)}),gform.hooks[o][r]=e)}});\n\/* ]]> *\/\n<\/script>\n\n                <div class='gf_browser_gecko gform_wrapper gravity-theme gform-theme--no-framework' data-form-theme='gravity-theme' data-form-index='0' id='gform_wrapper_89' >\n                        <div class='gform_heading'>\n                            <h2 class=\"gform_title\">Inscription - Webinaire GEO, \u00eatre visible sur les IA g\u00e9n\u00e9ratives - FR (07.05.2026)<\/h2>\n                            <p class='gform_description'><\/p>\n\t\t\t\t\t\t\t<p class='gform_required_legend'>\u00ab\u00a0<span class=\"gfield_required gfield_required_asterisk\">*<\/span>\u00a0\u00bb indique les champs n\u00e9cessaires<\/p>\n                        <\/div><form method='post' enctype='multipart\/form-data'  id='gform_89'  action='\/fr\/wp-json\/wp\/v2\/pages\/9756' data-formid='89' novalidate>\n                        <div class='gform-body gform_body'><div id='gform_fields_89' class='gform_fields top_label form_sublabel_below description_below validation_below'><div id=\"field_89_2\" class=\"gfield gfield--type-text gfield--width-full gfield_contains_required field_sublabel_below gfield--no-description field_description_below field_validation_below gfield_visibility_visible\"  ><label class='gfield_label gform-field-label' for='input_89_2'>Entreprise<span class=\"gfield_required\"><span class=\"gfield_required gfield_required_asterisk\">*<\/span><\/span><\/label><div class='ginput_container ginput_container_text'><input name='input_2' id='input_89_2' type='text' value='' class='large'     aria-required=\"true\" aria-invalid=\"false\"   \/><\/div><\/div><fieldset id=\"field_89_1\" class=\"gfield gfield--type-name gfield_contains_required field_sublabel_hidden_label gfield--no-description field_description_below field_validation_below gfield_visibility_visible\"  ><legend class='gfield_label gform-field-label gfield_label_before_complex' >Contact<span class=\"gfield_required\"><span class=\"gfield_required gfield_required_asterisk\">*<\/span><\/span><\/legend><div class='ginput_complex ginput_container ginput_container--name no_prefix has_first_name no_middle_name has_last_name no_suffix gf_name_has_2 ginput_container_name gform-grid-row' id='input_89_1'>\n                            \n                            <span id='input_89_1_3_container' class='name_first gform-grid-col gform-grid-col--size-auto' >\n                                                    <input type='text' name='input_1.3' id='input_89_1_3' value=''   aria-required='true'   placeholder='Pr\u00e9nom'  \/>\n                                                    <label for='input_89_1_3' class='gform-field-label gform-field-label--type-sub hidden_sub_label screen-reader-text'>Pr\u00e9nom<\/label>\n                                                <\/span>\n                            \n                            <span id='input_89_1_6_container' class='name_last gform-grid-col gform-grid-col--size-auto' >\n                                                    <input type='text' name='input_1.6' id='input_89_1_6' value=''   aria-required='true'   placeholder='Nom'  \/>\n                                                    <label for='input_89_1_6' class='gform-field-label gform-field-label--type-sub hidden_sub_label screen-reader-text'>Nom<\/label>\n                                                <\/span>\n                            \n                        <\/div><\/fieldset><div id=\"field_89_3\" class=\"gfield gfield--type-email gfield--width-full gfield_contains_required field_sublabel_below gfield--no-description field_description_below field_validation_below gfield_visibility_visible\"  ><label class='gfield_label gform-field-label' for='input_89_3'>E-mail<span class=\"gfield_required\"><span class=\"gfield_required gfield_required_asterisk\">*<\/span><\/span><\/label><div class='ginput_container ginput_container_email'>\n                            <input name='input_3' id='input_89_3' type='email' value='' class='large'    aria-required=\"true\" aria-invalid=\"false\"  \/>\n                        <\/div><\/div><div id=\"field_89_14\" class=\"gfield gfield--type-text gfield--width-full field_sublabel_below gfield--no-description field_description_below field_validation_below gfield_visibility_visible\"  ><label class='gfield_label gform-field-label' for='input_89_14'>Votre r\u00f4le dans l&#039;entreprise ?<\/label><div class='ginput_container ginput_container_text'><input name='input_14' id='input_89_14' type='text' value='' class='large'      aria-invalid=\"false\"   \/><\/div><\/div><fieldset id=\"field_89_11\" class=\"gfield gfield--type-checkbox gfield--type-choice gfield--width-full gfield_contains_required field_sublabel_below gfield--no-description field_description_below field_validation_below gfield_visibility_visible\"  ><legend class='gfield_label gform-field-label gfield_label_before_complex' >Vous \u00eates une entreprise sp\u00e9cialis\u00e9e dans :<span class=\"gfield_required\"><span class=\"gfield_required gfield_required_asterisk\">*<\/span><\/span><\/legend><div class='ginput_container ginput_container_checkbox'><div class='gfield_checkbox ' id='input_89_11'><div class='gchoice gchoice_89_11_1'>\n\t\t\t\t\t\t\t\t<input class='gfield-choice-input' name='input_11.1' type='checkbox'  value='Activit\u00e9s culturelles, sportives ou de loisirs'  id='choice_89_11_1'   \/>\n\t\t\t\t\t\t\t\t<label for='choice_89_11_1' id='label_89_11_1' class='gform-field-label gform-field-label--type-inline'>Activit\u00e9s culturelles, sportives ou de loisirs<\/label>\n\t\t\t\t\t\t\t<\/div><div class='gchoice gchoice_89_11_2'>\n\t\t\t\t\t\t\t\t<input class='gfield-choice-input' name='input_11.2' type='checkbox'  value='H\u00f4tellerie, h\u00e9bergement'  id='choice_89_11_2'   \/>\n\t\t\t\t\t\t\t\t<label for='choice_89_11_2' id='label_89_11_2' class='gform-field-label gform-field-label--type-inline'>H\u00f4tellerie, h\u00e9bergement<\/label>\n\t\t\t\t\t\t\t<\/div><div class='gchoice gchoice_89_11_3'>\n\t\t\t\t\t\t\t\t<input class='gfield-choice-input' name='input_11.3' type='checkbox'  value='Commerce de d\u00e9tail'  id='choice_89_11_3'   \/>\n\t\t\t\t\t\t\t\t<label for='choice_89_11_3' id='label_89_11_3' class='gform-field-label gform-field-label--type-inline'>Commerce de d\u00e9tail<\/label>\n\t\t\t\t\t\t\t<\/div><div class='gchoice gchoice_89_11_4'>\n\t\t\t\t\t\t\t\t<input class='gfield-choice-input' name='input_11.4' type='checkbox'  value='Restauration'  id='choice_89_11_4'   \/>\n\t\t\t\t\t\t\t\t<label for='choice_89_11_4' id='label_89_11_4' class='gform-field-label gform-field-label--type-inline'>Restauration<\/label>\n\t\t\t\t\t\t\t<\/div><div class='gchoice gchoice_89_11_5'>\n\t\t\t\t\t\t\t\t<input class='gfield-choice-input' name='input_11.5' type='checkbox'  value='Ev\u00e9nementiel'  id='choice_89_11_5'   \/>\n\t\t\t\t\t\t\t\t<label for='choice_89_11_5' id='label_89_11_5' class='gform-field-label gform-field-label--type-inline'>Ev\u00e9nementiel<\/label>\n\t\t\t\t\t\t\t<\/div><div class='gchoice gchoice_89_11_6'>\n\t\t\t\t\t\t\t\t<input class='gfield-choice-input' name='input_11.6' type='checkbox'  value='Ecole de ski'  id='choice_89_11_6'   \/>\n\t\t\t\t\t\t\t\t<label for='choice_89_11_6' id='label_89_11_6' class='gform-field-label gform-field-label--type-inline'>Ecole de ski<\/label>\n\t\t\t\t\t\t\t<\/div><div class='gchoice gchoice_89_11_7'>\n\t\t\t\t\t\t\t\t<input class='gfield-choice-input' name='input_11.7' type='checkbox'  value='Remont\u00e9es m\u00e9caniques'  id='choice_89_11_7'   \/>\n\t\t\t\t\t\t\t\t<label for='choice_89_11_7' id='label_89_11_7' class='gform-field-label gform-field-label--type-inline'>Remont\u00e9es m\u00e9caniques<\/label>\n\t\t\t\t\t\t\t<\/div><div class='gchoice gchoice_89_11_8'>\n\t\t\t\t\t\t\t\t<input class='gfield-choice-input' name='input_11.8' type='checkbox'  value='\u0152notourisme'  id='choice_89_11_8'   \/>\n\t\t\t\t\t\t\t\t<label for='choice_89_11_8' id='label_89_11_8' class='gform-field-label gform-field-label--type-inline'>\u0152notourisme<\/label>\n\t\t\t\t\t\t\t<\/div><div class='gchoice gchoice_89_11_9'>\n\t\t\t\t\t\t\t\t<input class='gfield-choice-input' name='input_11.9' type='checkbox'  value='Autre domaine touristique'  id='choice_89_11_9'   \/>\n\t\t\t\t\t\t\t\t<label for='choice_89_11_9' id='label_89_11_9' class='gform-field-label gform-field-label--type-inline'>Autre domaine touristique<\/label>\n\t\t\t\t\t\t\t<\/div><\/div><\/div><\/fieldset><\/div><\/div>\n        <div class='gform-footer gform_footer top_label'> <input type='submit' id='gform_submit_button_89' class='gform_button button' onclick='gform.submission.handleButtonClick(this);' data-submission-type='submit' value='Envoyer'  \/> \n            <input type='hidden' class='gform_hidden' name='gform_submission_method' data-js='gform_submission_method_89' value='postback' \/>\n            <input type='hidden' class='gform_hidden' name='gform_theme' data-js='gform_theme_89' id='gform_theme_89' value='gravity-theme' \/>\n            <input type='hidden' class='gform_hidden' name='gform_style_settings' data-js='gform_style_settings_89' id='gform_style_settings_89' value='[]' \/>\n            <input type='hidden' class='gform_hidden' name='is_submit_89' value='1' \/>\n            <input type='hidden' class='gform_hidden' name='gform_submit' value='89' \/>\n            \n            <input type='hidden' class='gform_hidden' name='gform_currency' data-currency='CHF' value='De6Hdx\/T7zwYWrzmfzhDAi83TogwqJE3iDbYXQuO2gvdrErNUbeGc\/uB3LC97OXNQecHpy0lrCq3wumjnkI8JiwhAet022P87mGZO5jdJhw3n24=' \/>\n            <input type='hidden' class='gform_hidden' name='gform_unique_id' value='' \/>\n            <input type='hidden' class='gform_hidden' name='state_89' value='WyJbXSIsIjZlNTJjMThhMzhjYTExNWYxYTdhNmZiOTA4ZWVlNDEyIl0=' \/>\n            <input type='hidden' autocomplete='off' class='gform_hidden' name='gform_target_page_number_89' id='gform_target_page_number_89' value='0' \/>\n            <input type='hidden' autocomplete='off' class='gform_hidden' name='gform_source_page_number_89' id='gform_source_page_number_89' value='1' \/>\n            <input type='hidden' name='gform_field_values' value='' \/>\n            \n        <\/div>\n                        <\/form>\n                        <\/div><script type=\"text\/javascript\">\n\/* <![CDATA[ *\/\n gform.initializeOnLoaded( function() {gformInitSpinner( 89, 'https:\/\/digitourism.ch\/wp-content\/plugins\/gravityforms\/images\/spinner.svg', true );jQuery('#gform_ajax_frame_89').on('load',function(){var contents = jQuery(this).contents().find('*').html();var is_postback = contents.indexOf('GF_AJAX_POSTBACK') >= 0;if(!is_postback){return;}var form_content = jQuery(this).contents().find('#gform_wrapper_89');var is_confirmation = jQuery(this).contents().find('#gform_confirmation_wrapper_89').length > 0;var is_redirect = contents.indexOf('gformRedirect(){') >= 0;var is_form = form_content.length > 0 && ! is_redirect && ! is_confirmation;var mt = parseInt(jQuery('html').css('margin-top'), 10) + parseInt(jQuery('body').css('margin-top'), 10) + 100;if(is_form){jQuery('#gform_wrapper_89').html(form_content.html());if(form_content.hasClass('gform_validation_error')){jQuery('#gform_wrapper_89').addClass('gform_validation_error');} else {jQuery('#gform_wrapper_89').removeClass('gform_validation_error');}setTimeout( function() { \/* delay the scroll by 50 milliseconds to fix a bug in chrome *\/  }, 50 );if(window['gformInitDatepicker']) {gformInitDatepicker();}if(window['gformInitPriceFields']) {gformInitPriceFields();}var current_page = jQuery('#gform_source_page_number_89').val();gformInitSpinner( 89, 'https:\/\/digitourism.ch\/wp-content\/plugins\/gravityforms\/images\/spinner.svg', true );jQuery(document).trigger('gform_page_loaded', [89, current_page]);window['gf_submitting_89'] = false;}else if(!is_redirect){var confirmation_content = jQuery(this).contents().find('.GF_AJAX_POSTBACK').html();if(!confirmation_content){confirmation_content = contents;}jQuery('#gform_wrapper_89').replaceWith(confirmation_content);jQuery(document).trigger('gform_confirmation_loaded', [89]);window['gf_submitting_89'] = false;wp.a11y.speak(jQuery('#gform_confirmation_message_89').text());}else{jQuery('#gform_89').append(contents);if(window['gformRedirect']) {gformRedirect();}}jQuery(document).trigger(\"gform_pre_post_render\", [{ formId: \"89\", currentPage: \"current_page\", abort: function() { this.preventDefault(); } }]);        if (event && event.defaultPrevented) {                return;        }        const gformWrapperDiv = document.getElementById( \"gform_wrapper_89\" );        if ( gformWrapperDiv ) {            const visibilitySpan = document.createElement( \"span\" );            visibilitySpan.id = \"gform_visibility_test_89\";            gformWrapperDiv.insertAdjacentElement( \"afterend\", visibilitySpan );        }        const visibilityTestDiv = document.getElementById( \"gform_visibility_test_89\" );        let postRenderFired = false;        function triggerPostRender() {            if ( postRenderFired ) {                return;            }            postRenderFired = true;            gform.core.triggerPostRenderEvents( 89, current_page );            if ( visibilityTestDiv ) {                visibilityTestDiv.parentNode.removeChild( visibilityTestDiv );            }        }        function debounce( func, wait, immediate ) {            var timeout;            return function() {                var context = this, args = arguments;                var later = function() {                    timeout = null;                    if ( !immediate ) func.apply( context, args );                };                var callNow = immediate && !timeout;                clearTimeout( timeout );                timeout = setTimeout( later, wait );                if ( callNow ) func.apply( context, args );            };        }        const debouncedTriggerPostRender = debounce( function() {            triggerPostRender();        }, 200 );        if ( visibilityTestDiv && visibilityTestDiv.offsetParent === null ) {            const observer = new MutationObserver( ( mutations ) => {                mutations.forEach( ( mutation ) => {                    if ( mutation.type === 'attributes' && visibilityTestDiv.offsetParent !== null ) {                        debouncedTriggerPostRender();                        observer.disconnect();                    }                });            });            observer.observe( document.body, {                attributes: true,                childList: false,                subtree: true,                attributeFilter: [ 'style', 'class' ],            });        } else {            triggerPostRender();        }    } );} ); \n\/* ]]> *\/\n<\/script>\n<\/div>\n\t\t\t\t\t\t<\/div>\n\t\t\t\t<\/div>\n\t\t\t\t\t<\/div>\n\t\t\t\t<\/div>\n\t\t\t\t<\/div>\n\t\t","protected":false},"excerpt":{"rendered":"","protected":false},"author":4,"featured_media":31940,"parent":0,"menu_order":0,"comment_status":"closed","ping_status":"closed","template":"","meta":{"_acf_changed":false,"footnotes":""},"class_list":["post-9756","page","type-page","status-publish","has-post-thumbnail","hentry"],"acf":[],"yoast_head":"<!-- This site is optimized with the Yoast SEO plugin v27.4 - https:\/\/yoast.com\/product\/yoast-seo-wordpress\/ -->\n<title>Webinaire : inscriptions<\/title>\n<meta name=\"robots\" content=\"noindex, nofollow\" \/>\n<meta property=\"og:locale\" content=\"fr_FR\" \/>\n<meta property=\"og:type\" content=\"article\" \/>\n<meta property=\"og:title\" content=\"Webinaire : inscriptions\" \/>\n<meta property=\"og:url\" content=\"https:\/\/digitourism.ch\/fr\/formulaire-inscription-digitourism\/\" \/>\n<meta property=\"og:site_name\" content=\"Digitourism\" \/>\n<meta property=\"article:modified_time\" content=\"2026-04-15T13:31:35+00:00\" \/>\n<meta property=\"og:image\" content=\"https:\/\/digitourism.ch\/wp-content\/uploads\/2026\/04\/MELBID-Webinaires-Miniatures-YouTube-19-e1776095548670.jpg\" \/>\n\t<meta property=\"og:image:width\" content=\"2240\" \/>\n\t<meta property=\"og:image:height\" content=\"1042\" \/>\n\t<meta property=\"og:image:type\" content=\"image\/jpeg\" \/>\n<meta name=\"twitter:card\" content=\"summary_large_image\" \/>\n<script type=\"application\/ld+json\" class=\"yoast-schema-graph\">{\"@context\":\"https:\\\/\\\/schema.org\",\"@graph\":[{\"@type\":\"WebPage\",\"@id\":\"https:\\\/\\\/digitourism.ch\\\/fr\\\/formulaire-inscription-digitourism\\\/\",\"url\":\"https:\\\/\\\/digitourism.ch\\\/fr\\\/formulaire-inscription-digitourism\\\/\",\"name\":\"Webinaire : inscriptions\",\"isPartOf\":{\"@id\":\"https:\\\/\\\/digitourism.ch\\\/fr\\\/#website\"},\"primaryImageOfPage\":{\"@id\":\"https:\\\/\\\/digitourism.ch\\\/fr\\\/formulaire-inscription-digitourism\\\/#primaryimage\"},\"image\":{\"@id\":\"https:\\\/\\\/digitourism.ch\\\/fr\\\/formulaire-inscription-digitourism\\\/#primaryimage\"},\"thumbnailUrl\":\"https:\\\/\\\/digitourism.ch\\\/wp-content\\\/uploads\\\/2026\\\/04\\\/MELBID-Webinaires-Miniatures-YouTube-19-e1776095548670.jpg\",\"datePublished\":\"2021-09-07T19:39:46+00:00\",\"dateModified\":\"2026-04-15T13:31:35+00:00\",\"breadcrumb\":{\"@id\":\"https:\\\/\\\/digitourism.ch\\\/fr\\\/formulaire-inscription-digitourism\\\/#breadcrumb\"},\"inLanguage\":\"fr-FR\",\"potentialAction\":[{\"@type\":\"ReadAction\",\"target\":[\"https:\\\/\\\/digitourism.ch\\\/fr\\\/formulaire-inscription-digitourism\\\/\"]}]},{\"@type\":\"ImageObject\",\"inLanguage\":\"fr-FR\",\"@id\":\"https:\\\/\\\/digitourism.ch\\\/fr\\\/formulaire-inscription-digitourism\\\/#primaryimage\",\"url\":\"https:\\\/\\\/digitourism.ch\\\/wp-content\\\/uploads\\\/2026\\\/04\\\/MELBID-Webinaires-Miniatures-YouTube-19-e1776095548670.jpg\",\"contentUrl\":\"https:\\\/\\\/digitourism.ch\\\/wp-content\\\/uploads\\\/2026\\\/04\\\/MELBID-Webinaires-Miniatures-YouTube-19-e1776095548670.jpg\",\"width\":2240,\"height\":1042},{\"@type\":\"BreadcrumbList\",\"@id\":\"https:\\\/\\\/digitourism.ch\\\/fr\\\/formulaire-inscription-digitourism\\\/#breadcrumb\",\"itemListElement\":[{\"@type\":\"ListItem\",\"position\":1,\"name\":\"Home\",\"item\":\"https:\\\/\\\/digitourism.ch\\\/fr\\\/accueil\\\/\"},{\"@type\":\"ListItem\",\"position\":2,\"name\":\"Webinaire : inscriptions\"}]},{\"@type\":\"WebSite\",\"@id\":\"https:\\\/\\\/digitourism.ch\\\/fr\\\/#website\",\"url\":\"https:\\\/\\\/digitourism.ch\\\/fr\\\/\",\"name\":\"Digitourism\",\"description\":\"Digitalisation du tourisme en Valais\",\"publisher\":{\"@id\":\"https:\\\/\\\/digitourism.ch\\\/fr\\\/#organization\"},\"potentialAction\":[{\"@type\":\"SearchAction\",\"target\":{\"@type\":\"EntryPoint\",\"urlTemplate\":\"https:\\\/\\\/digitourism.ch\\\/fr\\\/?s={search_term_string}\"},\"query-input\":{\"@type\":\"PropertyValueSpecification\",\"valueRequired\":true,\"valueName\":\"search_term_string\"}}],\"inLanguage\":\"fr-FR\"},{\"@type\":\"Organization\",\"@id\":\"https:\\\/\\\/digitourism.ch\\\/fr\\\/#organization\",\"name\":\"Digitourism\",\"url\":\"https:\\\/\\\/digitourism.ch\\\/fr\\\/\",\"logo\":{\"@type\":\"ImageObject\",\"inLanguage\":\"fr-FR\",\"@id\":\"https:\\\/\\\/digitourism.ch\\\/fr\\\/#\\\/schema\\\/logo\\\/image\\\/\",\"url\":\"\",\"contentUrl\":\"\",\"caption\":\"Digitourism\"},\"image\":{\"@id\":\"https:\\\/\\\/digitourism.ch\\\/fr\\\/#\\\/schema\\\/logo\\\/image\\\/\"}}]}<\/script>\n<!-- \/ Yoast SEO plugin. -->","yoast_head_json":{"title":"Webinaire : inscriptions","robots":{"index":"noindex","follow":"nofollow"},"og_locale":"fr_FR","og_type":"article","og_title":"Webinaire : inscriptions","og_url":"https:\/\/digitourism.ch\/fr\/formulaire-inscription-digitourism\/","og_site_name":"Digitourism","article_modified_time":"2026-04-15T13:31:35+00:00","og_image":[{"width":2240,"height":1042,"url":"https:\/\/digitourism.ch\/wp-content\/uploads\/2026\/04\/MELBID-Webinaires-Miniatures-YouTube-19-e1776095548670.jpg","type":"image\/jpeg"}],"twitter_card":"summary_large_image","schema":{"@context":"https:\/\/schema.org","@graph":[{"@type":"WebPage","@id":"https:\/\/digitourism.ch\/fr\/formulaire-inscription-digitourism\/","url":"https:\/\/digitourism.ch\/fr\/formulaire-inscription-digitourism\/","name":"Webinaire : inscriptions","isPartOf":{"@id":"https:\/\/digitourism.ch\/fr\/#website"},"primaryImageOfPage":{"@id":"https:\/\/digitourism.ch\/fr\/formulaire-inscription-digitourism\/#primaryimage"},"image":{"@id":"https:\/\/digitourism.ch\/fr\/formulaire-inscription-digitourism\/#primaryimage"},"thumbnailUrl":"https:\/\/digitourism.ch\/wp-content\/uploads\/2026\/04\/MELBID-Webinaires-Miniatures-YouTube-19-e1776095548670.jpg","datePublished":"2021-09-07T19:39:46+00:00","dateModified":"2026-04-15T13:31:35+00:00","breadcrumb":{"@id":"https:\/\/digitourism.ch\/fr\/formulaire-inscription-digitourism\/#breadcrumb"},"inLanguage":"fr-FR","potentialAction":[{"@type":"ReadAction","target":["https:\/\/digitourism.ch\/fr\/formulaire-inscription-digitourism\/"]}]},{"@type":"ImageObject","inLanguage":"fr-FR","@id":"https:\/\/digitourism.ch\/fr\/formulaire-inscription-digitourism\/#primaryimage","url":"https:\/\/digitourism.ch\/wp-content\/uploads\/2026\/04\/MELBID-Webinaires-Miniatures-YouTube-19-e1776095548670.jpg","contentUrl":"https:\/\/digitourism.ch\/wp-content\/uploads\/2026\/04\/MELBID-Webinaires-Miniatures-YouTube-19-e1776095548670.jpg","width":2240,"height":1042},{"@type":"BreadcrumbList","@id":"https:\/\/digitourism.ch\/fr\/formulaire-inscription-digitourism\/#breadcrumb","itemListElement":[{"@type":"ListItem","position":1,"name":"Home","item":"https:\/\/digitourism.ch\/fr\/accueil\/"},{"@type":"ListItem","position":2,"name":"Webinaire : inscriptions"}]},{"@type":"WebSite","@id":"https:\/\/digitourism.ch\/fr\/#website","url":"https:\/\/digitourism.ch\/fr\/","name":"Digitourism","description":"Digitalisation du tourisme en Valais","publisher":{"@id":"https:\/\/digitourism.ch\/fr\/#organization"},"potentialAction":[{"@type":"SearchAction","target":{"@type":"EntryPoint","urlTemplate":"https:\/\/digitourism.ch\/fr\/?s={search_term_string}"},"query-input":{"@type":"PropertyValueSpecification","valueRequired":true,"valueName":"search_term_string"}}],"inLanguage":"fr-FR"},{"@type":"Organization","@id":"https:\/\/digitourism.ch\/fr\/#organization","name":"Digitourism","url":"https:\/\/digitourism.ch\/fr\/","logo":{"@type":"ImageObject","inLanguage":"fr-FR","@id":"https:\/\/digitourism.ch\/fr\/#\/schema\/logo\/image\/","url":"","contentUrl":"","caption":"Digitourism"},"image":{"@id":"https:\/\/digitourism.ch\/fr\/#\/schema\/logo\/image\/"}}]}},"_links":{"self":[{"href":"https:\/\/digitourism.ch\/fr\/wp-json\/wp\/v2\/pages\/9756","targetHints":{"allow":["GET"]}}],"collection":[{"href":"https:\/\/digitourism.ch\/fr\/wp-json\/wp\/v2\/pages"}],"about":[{"href":"https:\/\/digitourism.ch\/fr\/wp-json\/wp\/v2\/types\/page"}],"author":[{"embeddable":true,"href":"https:\/\/digitourism.ch\/fr\/wp-json\/wp\/v2\/users\/4"}],"replies":[{"embeddable":true,"href":"https:\/\/digitourism.ch\/fr\/wp-json\/wp\/v2\/comments?post=9756"}],"version-history":[{"count":13,"href":"https:\/\/digitourism.ch\/fr\/wp-json\/wp\/v2\/pages\/9756\/revisions"}],"predecessor-version":[{"id":32006,"href":"https:\/\/digitourism.ch\/fr\/wp-json\/wp\/v2\/pages\/9756\/revisions\/32006"}],"wp:featuredmedia":[{"embeddable":true,"href":"https:\/\/digitourism.ch\/fr\/wp-json\/wp\/v2\/media\/31940"}],"wp:attachment":[{"href":"https:\/\/digitourism.ch\/fr\/wp-json\/wp\/v2\/media?parent=9756"}],"curies":[{"name":"wp","href":"https:\/\/api.w.org\/{rel}","templated":true}]}}